{"id":1087,"date":"2020-05-21T13:41:05","date_gmt":"2020-05-21T13:41:05","guid":{"rendered":"https:\/\/qrmodul.ch\/agb-datenschutz\/"},"modified":"2020-08-20T18:32:19","modified_gmt":"2020-08-20T18:32:19","slug":"data-protection","status":"publish","type":"page","link":"https:\/\/qrmodul.ch\/en\/data-protection\/","title":{"rendered":"Data protection"},"content":{"rendered":"<h1>Besondere Datenschutzbestimmungen (DSB)<\/h1>\n<p>Die Besonderen Datenschutzbestimmungen (nachfolgend <strong>DSB<\/strong> genannt) dienen der Transparenz in Bezug auf die Sammlung und Verwendung von Daten gegen\u00fcber den Besuchern der Onlineangebote (nachfolgend <strong>Websitebesucher<\/strong> genannt) der Schwarzenbach QR-Services, Kirchgasse 28, 8001 Z\u00fcrich, eine Einzelfirma mit Sitz in Z\u00fcrich, Schweiz (CHE-404.203.745; nachfolgend <strong>QRModul<\/strong> genannt).<\/p>\n<h2><strong>1. Einleitung<br \/>\n<\/strong><\/h2>\n<p>Diese DSB erg\u00e4nzen die Allgemeinen Gesch\u00e4ftsbedingungen. Bei allf\u00e4lligen Widerspr\u00fcchen zwischen den beiden Bestimmungen gehen die Allgemeinen Gesch\u00e4ftsbedingungen vor.<\/p>\n<p>Gegenstand der DSB sind die Nutzung und der Schutz von Daten der Websitebesucher. Durch den Besuch dieser Website erkl\u00e4rt sich der Besucher mit der Erhebung, Verarbeitung und Nutzung von Daten gem\u00e4ss der nachfolgenden Beschreibung einverstanden.<\/p>\n<p>Die Website von QRModul kann grunds\u00e4tzlich ohne Registrierung besucht werden. Dabei werden Daten wie beispielsweise aufgerufene Seiten bzw. Namen der abgerufenen Datei, Datum und Uhrzeit zu statistischen Zwecken auf dem Server gespeichert, ohne dass diese Daten unmittelbar auf die Person des Websitebesuchers bezogen werden k\u00f6nnen.<\/p>\n<p>Personenbezogene Daten, insbesondere Name, Adresse oder E-Mail-Adresse, werden soweit m\u00f6glich auf freiwilliger Basis erhoben. Ohne Einwilligung des Websitebesuchers erfolgt keine Weitergabe der Daten an Dritte.<\/p>\n<p>Bei Fragen oder Anliegen betreffend die Bearbeitung seiner Personendaten kann sich der Websitebesucher an folgende Korrespondenzadresse wenden: QRModul, Kirchgasse 28, 8001 Z\u00fcrich, E-Mail: <a href=\"mailto:info@qrmodul.ch\">info@qrmodul.ch<\/a>.<\/p>\n<h2><strong>2. Datenschutzerkl\u00e4rung f\u00fcr Cookies<\/strong><\/h2>\n<p>Diese Website verwendet Cookies. Cookies bezeichnen kleine Textdateien, die es m\u00f6glich machen, auf dem Endger\u00e4t des Websitebesuchers spezifische, auf den Nutzer bezogene Informationen zu speichern, w\u00e4hrend er die Website nutzt. Cookies erm\u00f6glichen es, insbesondere Nutzungsh\u00e4ufigkeit und Nutzeranzahl der Seiten zu ermitteln, Verhaltensweisen der Seitennutzung zu analysieren, aber auch das Angebot von QRModul kundenfreundlicher zu gestalten. Cookies bleiben \u00fcber das Ende einer Browser-Sitzung gespeichert und k\u00f6nnen bei einem erneuten Besuch der Website wieder aufgerufen werden. Wenn der Websitebesucher dies nicht w\u00fcnscht, muss er seinen Internetbrowser so einstellen, dass dieser die Annahme von Cookies verweigert.<\/p>\n<p>Ein genereller Widerspruch gegen den Einsatz der zu Zwecken des Onlinemarketing eingesetzten Cookies kann, vor allem im Fall des Trackings, \u00fcber die US-amerikanische Seite http:\/\/www.aboutads.info\/choices\/ oder die EU-Seite http:\/\/www.youronlinechoices.com\/ erkl\u00e4rt werden. Des Weiteren kann die Speicherung von Cookies mittels deren Abschaltung in den Einstellungen des Browsers erreicht werden. In diesem Fall k\u00f6nnen gegebenenfalls nicht alle Funktionen des Onlineangebotes von QRModul genutzt werden.<\/p>\n<h2><strong>3. <\/strong><strong>Datenschutzerkl\u00e4rung f\u00fcr SSL-\/TLS-Verschl\u00fcsselung<\/strong><\/h2>\n<p>Die Website von QRModul nutzt aus Gr\u00fcnden der Sicherheit und zum Schutz der \u00dcbertragung vertraulicher Inhalte, wie zum Beispiel Kundenanfragen, eine SSL-\/TLS-Verschl\u00fcsselung. Eine verschl\u00fcsselte Verbindung erkennt der Websitebesucher daran, dass die Adresszeile des Browsers von \u00abhttp:\/\/\u00bb auf \u00abhttps:\/\/\u00bb wechselt und ein Schloss-Symbol in der Browserzeile angezeigt wird.<\/p>\n<p>Wenn die SSL bzw. TLS Verschl\u00fcsselung aktiviert ist, k\u00f6nnen die Daten, die der Websitebesucher an QRModul \u00fcbermittelt, nicht von Dritten mitgelesen werden.<\/p>\n<h2><strong>4. Einsatz von Google Remarketing <\/strong><\/h2>\n<p>Diese Website verwendet die Remarketing-Funktion der Google Inc. Die Funktion dient dazu, Websitebesuchern innerhalb des Google-Werbenetzwerks interessenbezogene Werbeanzeigen zu pr\u00e4sentieren. Im Browser des Websitebesuchers wird ein sogenanntes \u00abCookie \u00bb gespeichert, das es erm\u00f6glicht, den Besucher wiederzuerkennen, wenn dieser Websiten aufruft, die dem Werbenetzwerk von Google angeh\u00f6ren. Auf diesen Seiten k\u00f6nnen dem Besucher Werbeanzeigen pr\u00e4sentiert werden, die sich auf Inhalte beziehen, die der Besucher zuvor auf Websiten aufgerufen hat, die die Remarketing Funktion von Google verwenden.<\/p>\n<p>Nach eigenen Angaben erhebt Google bei diesem Vorgang keine personenbezogenen Daten. Sollte der Websitebesucher die Funktion \u00abRemarketing\u00bb von Google dennoch nicht w\u00fcnschen, kann diese unter <a href=\"http:\/\/www.google.com\/settings\/ads\">http:\/\/www.google.com\/settings\/ads<\/a> oder alternativ unter <a href=\"http:\/\/www.networkadvertising.org\/managing\/opt_out.asp\">http:\/\/www.networkadvertising.org\/managing\/opt_out.asp<\/a> deaktiviert werden.<\/p>\n<h2><strong>5. Verwendung von Google reCAPTCHA<\/strong><\/h2>\n<p>Diese Website verwendet den Dienst reCAPTCHA der Google Inc. (1600 Amphitheatre Parkway, Mountain View, CA 94043, USA; \u00abGoogle\u00bb). Die Abfrage dient dem Zweck der Unterscheidung, ob die Eingabe durch einen Menschen oder durch automatisierte, maschinelle Verarbeitung erfolgt. Die Abfrage schliesst den Versand der IP-Adresse und ggf. weiterer von Google f\u00fcr den Dienst reCAPTCHA ben\u00f6tigter Daten an Google ein. Zu diesem Zweck wird die Eingabe des Websitebesuchers an Google \u00fcbermittelt und dort weiter verwendet.<\/p>\n<p>Die IP-Adresse des Websitebesuchers wird von Google innerhalb von Mitgliedstaaten der Europ\u00e4ischen Union oder in anderen Vertragsstaaten des Abkommens \u00fcber den Europ\u00e4ischen Wirtschaftsraum zuvor gek\u00fcrzt. Nur in Ausnahmef\u00e4llen wird die volle IP-Adresse an einen Server von Google in den USA \u00fcbertragen und dort gek\u00fcrzt. Im Auftrag von QRModul kann Google diese Informationen benutzen, um die Nutzung seines Dienstes auszuwerten. Die im Rahmen von reCaptcha vom Browser des Websitebesuchers \u00fcbermittelte IP-Adresse wird nicht mit anderen Daten von Google zusammengef\u00fchrt. Seine Daten werden dabei gegebenenfalls auch in die USA \u00fcbermittelt. F\u00fcr Daten\u00fcbermittlungen in die USA ist ein Angemessenheitsbeschluss der Europ\u00e4ischen Kommission, der \u00abPrivacy Shield\u00bb, vorhanden. Google hat sich den entsprechenden Vorgaben unterworfen. Mit Bet\u00e4tigen der Abfrage willigt der Websitebesucher in die Verarbeitung seiner Daten auf Grundlage des Art. 6 (1) lit. a DSGVO ein.<\/p>\n<h2><strong>6. Datenschutzerkl\u00e4rung f\u00fcr Google Analytics<\/strong><\/h2>\n<p>Diese Website benutzt Google Analytics, einen Webanalysedienst der Google Ireland Limited. Google Ireland Limited wird nachfolgend \u00abGoogle\u00bb genannt.<\/p>\n<p>\u00dcber die gewonnenen Statistiken kann QRModul das Angebot verbessern und f\u00fcr Besucher interessanter ausgestalten. Diese Website verwendet Google Analytics zudem f\u00fcr eine ger\u00e4te\u00fcbergreifende Analyse von Besucherstr\u00f6men, die \u00fcber eine User-ID durchgef\u00fchrt wird. Sofern der Websitebesucher \u00fcber ein Google-Benutzerkonto verf\u00fcgt, kann er in den dortigen Einstellungen unter \u00abMeine Daten\u00bb, \u00abpers\u00f6nliche Daten\u00bb die ger\u00e4te\u00fcbergreifende Analyse der Nutzung deaktivieren.<\/p>\n<p>Rechtsgrundlage f\u00fcr die Nutzung von Google Analytics ist Art. 6 Abs. 1 S. 1 lit. f DS-GVO. Die im Rahmen von Google Analytics vom Browser des Websitebesuchers \u00fcbermittelte IP-Adresse wird nicht mit anderen Daten von Google zusammengef\u00fchrt. QRModul weist seine Websitebesucher darauf hin, dass auf dieser Website Google Analytics um den Code \u00ab_anonymizeIp();\u00bb erweitert wurde, um eine anonymisierte Erfassung von IP-Adressen zu gew\u00e4hrleisten. Dadurch werden IP-Adressen gek\u00fcrzt weiterverarbeitet, wodurch eine Personenbeziehbarkeit ausgeschlossen werden kann. Nur in Ausnahmef\u00e4llen wird die volle IP-Adresse an einen Server von Google in den USA \u00fcbertragen und dort gek\u00fcrzt.<\/p>\n<p>Im Auftrag von QRModul wird Google diese Informationen nutzen, um die Nutzung der Website auszuwerten, um Reports \u00fcber die Websiteaktivit\u00e4ten zusammenzustellen und um weitere mit der Websitenutzung und der Internetnutzung verbundene Dienstleistungen gegen\u00fcber QRModul zu erbringen. F\u00fcr die Ausnahmef\u00e4lle, in denen personenbezogene Daten in die USA \u00fcbertragen werden, hat sich Google dem EU-US Privacy Shield unterworfen, https:\/\/www.privacyshield.gov\/EU-US-Framework.<\/p>\n<p>Google Analytics verwendet Cookies. Die durch den Cookie erzeugten Informationen \u00fcber Ihre Benutzung dieser Website werden in der Regel an einen Server von Google in den USA \u00fcbertragen und dort gespeichert.<\/p>\n<h2><strong>7. Datenschutzerkl\u00e4rung f\u00fcr die Nutzung von Google Web Fonts<\/strong><\/h2>\n<p>Diese Website nutzt zur einheitlichen Darstellung von Schriftarten so genannte Web Fonts, die von Google bereitgestellt werden. Beim Aufruf einer Seite l\u00e4dt der Browser des Websitebesuchers die ben\u00f6tigten Web Fonts in den Browsercache, um Texte und Schriftarten korrekt anzuzeigen. Wenn sein Browser Web Fonts nicht unterst\u00fctzt, wird eine Standardschrift seines Computers genutzt.<\/p>\n<h2><strong>8. Datenschutzerkl\u00e4rung f\u00fcr Onlinedienste wie z.B. Soziale Netzwerke<\/strong><\/h2>\n<p>Diese Website verwendet Funktionen von Onlinediensten (z.B. soziale Netzwerke) wie Facebook, Twitter, LinkedIn, Youtube und weiteren. Bei Aufruf einer Website von QRModul mit einem Plug-In eines solchen Anbieters wird eine Verbindung zwischen dem Browser des Websitebesuchers und den Servern des Anbieters des Onlinedienstes aufgebaut. Dabei werden Daten \u00fcbertragen. Der Websitebesucher nimmt zur Kenntnis, dass die Anbieter solcher Onlinedienste eigene Datenschutzbestimmungen haben und diese von den vorliegenden DSB abweichen k\u00f6nnen.<\/p>\n<p>&nbsp;<\/p>\n<p><strong>\u00a9 Schwarzenbach QR-Services, 27. Juli 2020<br \/>\n<\/strong>Quelle: Diese Bestimmungen (DSB) basieren teilweise auf den Mustervorgaben von SwissAnwalt (https:\/\/swissanwalt.ch)<strong><br \/>\n<\/strong><\/p>\n","protected":false},"excerpt":{"rendered":"<p>Besondere Datenschutzbestimmungen (DSB) Die Besonderen Datenschutzbestimmungen (nachfolgend DSB genannt) dienen der Transparenz in Bezug auf die Sammlung und Verwendung von Daten gegen\u00fcber den Besuchern der Onlineangebote (nachfolgend Websitebesucher genannt) der Schwarzenbach QR-Services, Kirchgasse 28, 8001 Z\u00fcrich, eine Einzelfirma mit Sitz in Z\u00fcrich, Schweiz (CHE-404.203.745; nachfolgend QRModul genannt). 1. Einleitung Diese DSB erg\u00e4nzen die Allgemeinen Gesch\u00e4ftsbedingungen. [&hellip;]<\/p>\n","protected":false},"author":1,"featured_media":0,"parent":0,"menu_order":0,"comment_status":"closed","ping_status":"closed","template":"","meta":{"om_disable_all_campaigns":false,"_monsterinsights_skip_tracking":false,"_monsterinsights_sitenote_active":false,"_monsterinsights_sitenote_note":"","_monsterinsights_sitenote_category":0,"_uf_show_specific_survey":0,"_uf_disable_surveys":false,"footnotes":""},"class_list":["post-1087","page","type-page","status-publish","hentry"],"_links":{"self":[{"href":"https:\/\/qrmodul.ch\/en\/wp-json\/wp\/v2\/pages\/1087","targetHints":{"allow":["GET"]}}],"collection":[{"href":"https:\/\/qrmodul.ch\/en\/wp-json\/wp\/v2\/pages"}],"about":[{"href":"https:\/\/qrmodul.ch\/en\/wp-json\/wp\/v2\/types\/page"}],"author":[{"embeddable":true,"href":"https:\/\/qrmodul.ch\/en\/wp-json\/wp\/v2\/users\/1"}],"replies":[{"embeddable":true,"href":"https:\/\/qrmodul.ch\/en\/wp-json\/wp\/v2\/comments?post=1087"}],"version-history":[{"count":2,"href":"https:\/\/qrmodul.ch\/en\/wp-json\/wp\/v2\/pages\/1087\/revisions"}],"predecessor-version":[{"id":2358,"href":"https:\/\/qrmodul.ch\/en\/wp-json\/wp\/v2\/pages\/1087\/revisions\/2358"}],"wp:attachment":[{"href":"https:\/\/qrmodul.ch\/en\/wp-json\/wp\/v2\/media?parent=1087"}],"curies":[{"name":"wp","href":"https:\/\/api.w.org\/{rel}","templated":true}]}}