{"id":10120,"date":"2025-01-02T16:28:56","date_gmt":"2025-01-02T16:28:56","guid":{"rendered":"https:\/\/qrmodul.ch\/?page_id=10120"},"modified":"2025-01-02T16:32:00","modified_gmt":"2025-01-02T16:32:00","slug":"facture-qr-en-wir-2","status":"publish","type":"page","link":"https:\/\/qrmodul.ch\/fr\/bexio\/","title":{"rendered":"Module QR pour les utilisateurs de bexio"},"content":{"rendered":"<div id='layer_slider_1'  class='avia-layerslider main_color avia-shadow  avia-builder-el-0  el_before_av_one_full  avia-builder-el-first  container_wrap fullsize' style='  height: 251px;' ><\/div><div id='after_layer_slider_1'  class='main_color av_default_container_wrap container_wrap fullsize' style=' '  ><div class='container' ><div class='template-page content  av-content-full alpha units'><div class='post-entry post-entry-type-page post-entry-10120'><div class='entry-content-wrapper clearfix'>\n<div class=\"flex_column av_one_full  flex_column_div av-zero-column-padding first  avia-builder-el-1  el_after_av_layerslider  el_before_av_hr  avia-builder-el-first  \" style='border-radius:0px; '><p><div  class='avia-image-container  av-styling-    avia-builder-el-2  el_before_av_textblock  avia-builder-el-first  avia-align-center '  itemprop=\"image\" itemscope=\"itemscope\" itemtype=\"https:\/\/schema.org\/ImageObject\"  ><div class='avia-image-container-inner'><div class='avia-image-overlay-wrap'><img class='avia_image' src='https:\/\/qrmodul.ch\/wp-content\/uploads\/2025\/01\/bexio-blue-300x98.png' alt='' title='bexio-blue' height=\"98\" width=\"300\"  itemprop=\"thumbnailUrl\"  \/><\/div><\/div><\/div><br \/>\n<section class=\"av_textblock_section \"  itemscope=\"itemscope\" itemtype=\"https:\/\/schema.org\/CreativeWork\" ><div class='avia_textblock  '   itemprop=\"text\" ><p style=\"text-align: center;\">Module QR est fier d&rsquo;\u00eatre partenaire de <a href=\"https:\/\/www.bexio.com\/fr-CH\/\" target=\"_blank\" rel=\"noopener\">bexio<\/a> pour les Factures QR en s\u00e9rie<\/p>\n<\/div><\/section><\/p><\/div>\n<div  style='height:20px' class='hr hr-invisible   avia-builder-el-4  el_after_av_one_full  el_before_av_one_third '><span class='hr-inner ' ><span class='hr-inner-style'><\/span><\/span><\/div>\n<div class=\"flex_column av_one_third  flex_column_div av-zero-column-padding first  avia-builder-el-5  el_after_av_hr  el_before_av_two_third  \" style='border-radius:0px; '><div  class='avia-image-container avia_animated_image avia_animate_when_almost_visible av-rotateIn av-styling-    avia-builder-el-6  avia-builder-el-no-sibling  avia-align-center '  itemprop=\"image\" itemscope=\"itemscope\" itemtype=\"https:\/\/schema.org\/ImageObject\"  ><div class='avia-image-container-inner'><div class='avia-image-overlay-wrap'><a href='https:\/\/qrmodul.ch\/qr-rechnung\/webinare\/wir' class='avia_image'  ><img class='avia_image ' src='https:\/\/qrmodul.ch\/wp-content\/uploads\/2025\/01\/25.01.02.-Neujahrsaktion-FR-1.png' alt='' title='25.01.02. Neujahrsaktion FR'  itemprop=\"thumbnailUrl\"  \/><\/a><\/div><\/div><\/div><\/div>\n<div class=\"flex_column av_two_third  flex_column_div av-zero-column-padding   avia-builder-el-7  el_after_av_one_third  el_before_av_hr  \" style='border-radius:0px; '><p><div  style='height:30px' class='hr hr-invisible   avia-builder-el-8  el_before_av_heading  avia-builder-el-first '><span class='hr-inner ' ><span class='hr-inner-style'><\/span><\/span><\/div><br \/>\n<div  style='padding-bottom:10px; ' class='av-special-heading av-special-heading-h1  blockquote modern-quote  avia-builder-el-9  el_after_av_hr  el_before_av_hr  '><h1 class='av-special-heading-tag '  itemprop=\"headline\"  >Module QR pour les utilisateurs de bexio<\/h1><div class='special-heading-border'><div class='special-heading-inner-border' ><\/div><\/div><\/div><br \/>\n<div  style='height:30px' class='hr hr-invisible   avia-builder-el-10  el_after_av_heading  el_before_av_textblock '><span class='hr-inner ' ><span class='hr-inner-style'><\/span><\/span><\/div><br \/>\n<section class=\"av_textblock_section \"  itemscope=\"itemscope\" itemtype=\"https:\/\/schema.org\/CreativeWork\" ><div class='avia_textblock  '  style='font-size:24px; '  itemprop=\"text\" ><p>Module QR vous offre de pr\u00e9cieux services suppl\u00e9mentaires pour la cr\u00e9ation de Factures QR, que bexio ne couvre pas. En reliant les deux profils, l&rsquo;\u00e9change des donn\u00e9es des d\u00e9biteurs et des positions de facture est un jeu d&rsquo;enfant et s&rsquo;effectue de mani\u00e8re efficace.<\/p>\n<\/div><\/section><\/p><\/div><div  style='height:50px' class='hr hr-invisible   avia-builder-el-12  el_after_av_two_third  el_before_av_heading '><span class='hr-inner ' ><span class='hr-inner-style'><\/span><\/span><\/div><\/p>\n<div  style='padding-bottom:10px; ' class='av-special-heading av-special-heading-h2  blockquote modern-quote  avia-builder-el-13  el_after_av_hr  el_before_av_hr  '><h2 class='av-special-heading-tag '  itemprop=\"headline\"  >Quelle est la valeur ajout\u00e9e du Module QR en compl\u00e9ment de votre profil bexio ?<\/h2><div class='special-heading-border'><div class='special-heading-inner-border' ><\/div><\/div><\/div>\n<div  style='height:50px' class='hr hr-invisible   avia-builder-el-14  el_after_av_heading  el_before_av_one_full '><span class='hr-inner ' ><span class='hr-inner-style'><\/span><\/span><\/div>\n<div class=\"flex_column av_one_full  flex_column_div av-zero-column-padding first  avia-builder-el-15  el_after_av_hr  el_before_av_hr  \" style='border-radius:0px; '><section class=\"av_textblock_section \"  itemscope=\"itemscope\" itemtype=\"https:\/\/schema.org\/CreativeWork\" ><div class='avia_textblock  '   itemprop=\"text\" ><ul>\n<li>Notre fonction de s\u00e9rie, unique en Suisse, permet de g\u00e9n\u00e9rer efficacement de gros volumes de factures en un seul processus et en trois \u00e9tapes simples :<br \/>\n1. s\u00e9lectionner le mod\u00e8le de facture et l&rsquo;exp\u00e9diteur<br \/>\n2. s\u00e9lectionner les postes d\u00e9biteurs<br \/>\n3. produire des Factures QR et profiter en option du service d&rsquo;envoi<\/li>\n<li>Utilisez l&rsquo;option d&rsquo;envoi de vos Factures QR par e-mail ou par courrier. En cas d&rsquo;envoi par la poste, notre imprimerie partenaire, Schneider Druck AG \u00e0 Zurich, vous assure un service professionnel :<br \/>\n&#8211;&gt; Impression en couleur ou en noir et blanc au choix<br \/>\n&#8211;&gt; Impression des Sections de paiement QR sur papier perfor\u00e9<br \/>\n&#8211;&gt; Enveloppes individualis\u00e9es<br \/>\n&#8211;&gt; Possibilit\u00e9 d&rsquo;ajouter des encarts suppl\u00e9mentaires<br \/>\n&#8211;&gt; Envoi au choix directement au destinataire de la facture ou \u00e0 une adresse collective<\/li>\n<li>Ajoutez plusieurs Sections de paiement \u00e0 une Facture QR, par exemple pour accorder des paiements \u00e9chelonn\u00e9s ou proposer plusieurs options de don.<\/li>\n<li>Si n\u00e9cessaire, vous pouvez remplacer le tableau des produits dans la Facture QR par du texte courant.<\/li>\n<li>T\u00e9l\u00e9chargez votre propre mod\u00e8le de facture pour int\u00e9grer la Section de paiement QR avec le Swiss QR Code.<\/li>\n<li>En plus de l&rsquo;allemand, du fran\u00e7ais, de l&rsquo;italien et de l&rsquo;anglais, Module QR propose \u00e9galement le romanche<\/li>\n<\/ul>\n<\/div><\/section><\/div>\n<div   class='hr hr-default   avia-builder-el-17  el_after_av_one_full  el_before_av_heading '><span class='hr-inner ' ><span class='hr-inner-style'><\/span><\/span><\/div>\n<div  style='padding-bottom:10px; ' class='av-special-heading av-special-heading-h2  blockquote modern-quote  avia-builder-el-18  el_after_av_hr  el_before_av_hr  '><h2 class='av-special-heading-tag '  itemprop=\"headline\"  >Comment configurer la fonction<\/h2><div class='special-heading-border'><div class='special-heading-inner-border' ><\/div><\/div><\/div>\n<div  style='height:50px' class='hr hr-invisible   avia-builder-el-19  el_after_av_heading  el_before_av_one_third '><span class='hr-inner ' ><span class='hr-inner-style'><\/span><\/span><\/div>\n<div class=\"flex_column av_one_third  flex_column_div av-zero-column-padding first  avia-builder-el-20  el_after_av_hr  el_before_av_two_third  \" style='border-radius:0px; '><p><div  style='height:20px' class='hr hr-invisible   avia-builder-el-21  el_before_av_heading  avia-builder-el-first '><span class='hr-inner ' ><span class='hr-inner-style'><\/span><\/span><\/div><br \/>\n<div  style='padding-bottom:10px; ' class='av-special-heading av-special-heading-h3  blockquote modern-quote  avia-builder-el-22  el_after_av_hr  el_before_av_textblock  '><h3 class='av-special-heading-tag '  itemprop=\"headline\"  >1. cr\u00e9er un profil de Module QR :<\/h3><div class='special-heading-border'><div class='special-heading-inner-border' ><\/div><\/div><\/div><br \/>\n<section class=\"av_textblock_section \"  itemscope=\"itemscope\" itemtype=\"https:\/\/schema.org\/CreativeWork\" ><div class='avia_textblock  '   itemprop=\"text\" ><p>Si vous n&rsquo;avez pas encore un profil de Module QR, inscrivez-vous ici :<br \/>\n<a href=\"https:\/\/generator.qrmodul.ch\/fr\/step-by-step-partner\/bxo\">https:\/\/generator.qrmodul.ch\/fr\/step-by-step-partner\/bxo<\/a><\/p>\n<p>Si vous avez d\u00e9j\u00e0 un profil, envoyez-nous un message \u00e0 <a href=\"mailto:info@qrmodul.ch\">info@qrmodul.ch<\/a> en nous indiquant que vous souhaitez associer votre profil de Module QR \u00e0 votre profil bexio.<\/p>\n<\/div><\/section><\/p><\/div>\n<div class=\"flex_column av_two_third  flex_column_div av-zero-column-padding   avia-builder-el-24  el_after_av_one_third  el_before_av_hr  \" style='border-radius:0px; '><p><div  style='height:20px' class='hr hr-invisible   avia-builder-el-25  el_before_av_image  avia-builder-el-first '><span class='hr-inner ' ><span class='hr-inner-style'><\/span><\/span><\/div><br \/>\n<div  class='avia-image-container  av-styling- av-hover-grow   avia-builder-el-26  el_after_av_hr  avia-builder-el-last  avia-align-center '  itemprop=\"image\" itemscope=\"itemscope\" itemtype=\"https:\/\/schema.org\/ImageObject\"  ><div class='avia-image-container-inner'><div class='avia-image-overlay-wrap'><img class='avia_image' src='https:\/\/qrmodul.ch\/wp-content\/uploads\/2025\/01\/bexio-Registrierung-Screenshot-FR.jpg' alt='' title='bexio Registrierung Screenshot FR' height=\"600\" width=\"1643\"  itemprop=\"thumbnailUrl\"  \/><\/div><\/div><\/div><\/p><\/div>\n<div   class='hr hr-default   avia-builder-el-27  el_after_av_two_third  el_before_av_one_third '><span class='hr-inner ' ><span class='hr-inner-style'><\/span><\/span><\/div>\n<div class=\"flex_column av_one_third  flex_column_div av-zero-column-padding first  avia-builder-el-28  el_after_av_hr  el_before_av_two_third  \" style='border-radius:0px; '><p><div  style='height:20px' class='hr hr-invisible   avia-builder-el-29  el_before_av_heading  avia-builder-el-first '><span class='hr-inner ' ><span class='hr-inner-style'><\/span><\/span><\/div><br \/>\n<div  style='padding-bottom:10px; ' class='av-special-heading av-special-heading-h3  blockquote modern-quote  avia-builder-el-30  el_after_av_hr  el_before_av_textblock  '><h3 class='av-special-heading-tag '  itemprop=\"headline\"  >2. lier les profils :<\/h3><div class='special-heading-border'><div class='special-heading-inner-border' ><\/div><\/div><\/div><br \/>\n<section class=\"av_textblock_section \"  itemscope=\"itemscope\" itemtype=\"https:\/\/schema.org\/CreativeWork\" ><div class='avia_textblock  '   itemprop=\"text\" ><p>Si vous n&rsquo;avez pas encore un profil de Module QR, inscrivez-vous ici :<br \/>\n<a href=\"https:\/\/generator.qrmodul.ch\/fr\/step-by-step-partner\/bxo\">https:\/\/generator.qrmodul.ch\/fr\/step-by-step-partner\/bxo<\/a><\/p>\n<p>Si vous avez d\u00e9j\u00e0 un profil, envoyez-nous un message \u00e0 <a href=\"mailto:info@qrmodul.ch\">info@qrmodul.ch<\/a> en nous indiquant que vous souhaitez associer votre profil de Module QR \u00e0 votre profil bexio.<\/p>\n<\/div><\/section><\/p><\/div>\n<div class=\"flex_column av_two_third  flex_column_div av-zero-column-padding   avia-builder-el-32  el_after_av_one_third  el_before_av_hr  \" style='border-radius:0px; '><p><div  style='height:20px' class='hr hr-invisible   avia-builder-el-33  el_before_av_image  avia-builder-el-first '><span class='hr-inner ' ><span class='hr-inner-style'><\/span><\/span><\/div><br \/>\n<div  class='avia-image-container  av-styling- av-hover-grow   avia-builder-el-34  el_after_av_hr  avia-builder-el-last  avia-align-center '  itemprop=\"image\" itemscope=\"itemscope\" itemtype=\"https:\/\/schema.org\/ImageObject\"  ><div class='avia-image-container-inner'><div class='avia-image-overlay-wrap'><img class='avia_image' src='https:\/\/qrmodul.ch\/wp-content\/uploads\/2025\/01\/bexio-Einstellungen-Screenshot-FR.jpg' alt='' title='bexio Einstellungen Screenshot FR' height=\"961\" width=\"1180\"  itemprop=\"thumbnailUrl\"  \/><\/div><\/div><\/div><\/p><\/div>\n<div   class='hr hr-default   avia-builder-el-35  el_after_av_two_third  el_before_av_one_third '><span class='hr-inner ' ><span class='hr-inner-style'><\/span><\/span><\/div>\n<div class=\"flex_column av_one_third  flex_column_div av-zero-column-padding first  avia-builder-el-36  el_after_av_hr  el_before_av_two_third  \" style='border-radius:0px; '><p><div  style='height:20px' class='hr hr-invisible   avia-builder-el-37  el_before_av_heading  avia-builder-el-first '><span class='hr-inner ' ><span class='hr-inner-style'><\/span><\/span><\/div><br \/>\n<div  style='padding-bottom:10px; ' class='av-special-heading av-special-heading-h3  blockquote modern-quote  avia-builder-el-38  el_after_av_hr  el_before_av_textblock  '><h3 class='av-special-heading-tag '  itemprop=\"headline\"  >3. importer des d\u00e9biteurs :<\/h3><div class='special-heading-border'><div class='special-heading-inner-border' ><\/div><\/div><\/div><br \/>\n<section class=\"av_textblock_section \"  itemscope=\"itemscope\" itemtype=\"https:\/\/schema.org\/CreativeWork\" ><div class='avia_textblock  '   itemprop=\"text\" ><p>Si vous n&rsquo;avez pas encore un profil de Module QR, inscrivez-vous ici :<br \/>\n<a href=\"https:\/\/generator.qrmodul.ch\/fr\/step-by-step-partner\/bxo\">https:\/\/generator.qrmodul.ch\/fr\/step-by-step-partner\/bxo<\/a><\/p>\n<p>Si vous avez d\u00e9j\u00e0 un profil, envoyez-nous un message \u00e0 <a href=\"mailto:info@qrmodul.ch\">info@qrmodul.ch<\/a> en nous indiquant que vous souhaitez associer votre profil de Module QR \u00e0 votre profil bexio.<\/p>\n<\/div><\/section><\/p><\/div>\n<div class=\"flex_column av_two_third  flex_column_div av-zero-column-padding   avia-builder-el-40  el_after_av_one_third  el_before_av_hr  \" style='border-radius:0px; '><p><div  style='height:20px' class='hr hr-invisible   avia-builder-el-41  el_before_av_image  avia-builder-el-first '><span class='hr-inner ' ><span class='hr-inner-style'><\/span><\/span><\/div><br \/>\n<div  class='avia-image-container  av-styling- av-hover-grow   avia-builder-el-42  el_after_av_hr  avia-builder-el-last  avia-align-center '  itemprop=\"image\" itemscope=\"itemscope\" itemtype=\"https:\/\/schema.org\/ImageObject\"  ><div class='avia-image-container-inner'><div class='avia-image-overlay-wrap'><img class='avia_image' src='https:\/\/qrmodul.ch\/wp-content\/uploads\/2025\/01\/bexio-Debitoren-Screenshot-FR.jpg' alt='' title='bexio Debitoren Screenshot FR' height=\"974\" width=\"1171\"  itemprop=\"thumbnailUrl\"  \/><\/div><\/div><\/div><\/p><\/div>\n<div   class='hr hr-default   avia-builder-el-43  el_after_av_two_third  el_before_av_one_third '><span class='hr-inner ' ><span class='hr-inner-style'><\/span><\/span><\/div>\n<div class=\"flex_column av_one_third  flex_column_div av-zero-column-padding first  avia-builder-el-44  el_after_av_hr  el_before_av_two_third  \" style='border-radius:0px; '><p><div  style='height:20px' class='hr hr-invisible   avia-builder-el-45  el_before_av_heading  avia-builder-el-first '><span class='hr-inner ' ><span class='hr-inner-style'><\/span><\/span><\/div><br \/>\n<div  style='padding-bottom:10px; ' class='av-special-heading av-special-heading-h3  blockquote modern-quote  avia-builder-el-46  el_after_av_hr  el_before_av_textblock  '><h3 class='av-special-heading-tag '  itemprop=\"headline\"  >4. apr\u00e8s la production d\u2019un cycle de facturation :<\/h3><div class='special-heading-border'><div class='special-heading-inner-border' ><\/div><\/div><\/div><br \/>\n<section class=\"av_textblock_section \"  itemscope=\"itemscope\" itemtype=\"https:\/\/schema.org\/CreativeWork\" ><div class='avia_textblock  '   itemprop=\"text\" ><p>Si vous n&rsquo;avez pas encore un profil de Module QR, inscrivez-vous ici :<br \/>\n<a href=\"https:\/\/generator.qrmodul.ch\/fr\/step-by-step-partner\/bxo\">https:\/\/generator.qrmodul.ch\/fr\/step-by-step-partner\/bxo<\/a><\/p>\n<p>Si vous avez d\u00e9j\u00e0 un profil, envoyez-nous un message \u00e0 <a href=\"mailto:info@qrmodul.ch\">info@qrmodul.ch<\/a> en nous indiquant que vous souhaitez associer votre profil de Module QR \u00e0 votre profil bexio.<\/p>\n<\/div><\/section><\/p><\/div>\n<div class=\"flex_column av_two_third  flex_column_div av-zero-column-padding   avia-builder-el-48  el_after_av_one_third  el_before_av_hr  \" style='border-radius:0px; '><p><div  style='height:20px' class='hr hr-invisible   avia-builder-el-49  el_before_av_image  avia-builder-el-first '><span class='hr-inner ' ><span class='hr-inner-style'><\/span><\/span><\/div><br \/>\n<div  class='avia-image-container  av-styling- av-hover-grow   avia-builder-el-50  el_after_av_hr  avia-builder-el-last  avia-align-center '  itemprop=\"image\" itemscope=\"itemscope\" itemtype=\"https:\/\/schema.org\/ImageObject\"  ><div class='avia-image-container-inner'><div class='avia-image-overlay-wrap'><img class='avia_image' src='https:\/\/qrmodul.ch\/wp-content\/uploads\/2025\/01\/bexio-Update-Debitoren-Screenshot-FR.jpg' alt='' title='bexio Update Debitoren Screenshot FR' height=\"1051\" width=\"1179\"  itemprop=\"thumbnailUrl\"  \/><\/div><\/div><\/div><\/p><\/div>\n<div   class='hr hr-default   avia-builder-el-51  el_after_av_two_third  el_before_av_one_full '><span class='hr-inner ' ><span class='hr-inner-style'><\/span><\/span><\/div>\n<div class=\"flex_column av_one_full  flex_column_div av-zero-column-padding first  avia-builder-el-52  el_after_av_hr  avia-builder-el-last  \" style='border-radius:0px; '><p><div  style='padding-bottom:10px; ' class='av-special-heading av-special-heading-h2  blockquote modern-quote  avia-builder-el-53  el_before_av_hr  avia-builder-el-first  '><h2 class='av-special-heading-tag '  itemprop=\"headline\"  >Combien co\u00fbte QR Module ?<\/h2><div class='special-heading-border'><div class='special-heading-inner-border' ><\/div><\/div><\/div><br \/>\n<div  style='height:50px' class='hr hr-invisible   avia-builder-el-54  el_after_av_heading  el_before_av_textblock '><span class='hr-inner ' ><span class='hr-inner-style'><\/span><\/span><\/div><br \/>\n<section class=\"av_textblock_section \"  itemscope=\"itemscope\" itemtype=\"https:\/\/schema.org\/CreativeWork\" ><div class='avia_textblock  '   itemprop=\"text\" ><p>Profitez d&rsquo;une forte r\u00e9duction gr\u00e2ce \u00e0 notre action du Nouvel An : Pendant la phase de promotion, le prix normal est de CHF 10.00 par mois (au lieu de CHF 15.00) pour l&rsquo;abonnement \u00ab QR Start \u00bb. Les clients bexio b\u00e9n\u00e9ficient en outre d&rsquo;une remise de 20 %. Ainsi, \u00ab QR Start \u00bb ne vous co\u00fbtera que CHF 8.00 par mois (au lieu de CHF 12.00). La promotion est valable du 1er janvier au 31 mars 2025. Vous trouverez les prix et prestations actuels pour tous les abonnements sur <a href=\"https:\/\/qrmodul.ch\/fr\/offre-et-prix\/\" target=\"_blank\" rel=\"noopener\">Offre et prix<\/a>.<\/p>\n<\/div><\/section><br \/>\n<div  style='height:50px' class='hr hr-invisible   avia-builder-el-56  el_after_av_textblock  el_before_av_button_big  avia-builder-el-last '><span class='hr-inner ' ><span class='hr-inner-style'><\/span><\/span><\/div><br \/>\n<div  class='avia-button-wrap avia-button-center  avia-builder-el-57  el_after_av_hr  avia-builder-el-last ' ><a href='https:\/\/generator.qrmodul.ch\/fr\/step-by-step-partner\/bxo' class='avia-button avia-button-fullwidth   avia-icon_select-no avia-color-custom '  target=\"_blank\"  style='color:#ffffff; background-color:#11b2f7;  ' ><span class='avia_iconbox_title' >Inscrivez-vous maintenant<\/span><span class='avia_button_background avia-button avia-button-fullwidth avia-color-theme-color-highlight' ><\/span><\/a><\/div><\/p><\/div>\n","protected":false},"excerpt":{"rendered":"","protected":false},"author":4,"featured_media":0,"parent":0,"menu_order":0,"comment_status":"closed","ping_status":"closed","template":"","meta":{"om_disable_all_campaigns":false,"_monsterinsights_skip_tracking":false,"_monsterinsights_sitenote_active":false,"_monsterinsights_sitenote_note":"","_monsterinsights_sitenote_category":0,"_uf_show_specific_survey":0,"_uf_disable_surveys":false,"footnotes":""},"class_list":["post-10120","page","type-page","status-publish","hentry"],"_links":{"self":[{"href":"https:\/\/qrmodul.ch\/fr\/wp-json\/wp\/v2\/pages\/10120","targetHints":{"allow":["GET"]}}],"collection":[{"href":"https:\/\/qrmodul.ch\/fr\/wp-json\/wp\/v2\/pages"}],"about":[{"href":"https:\/\/qrmodul.ch\/fr\/wp-json\/wp\/v2\/types\/page"}],"author":[{"embeddable":true,"href":"https:\/\/qrmodul.ch\/fr\/wp-json\/wp\/v2\/users\/4"}],"replies":[{"embeddable":true,"href":"https:\/\/qrmodul.ch\/fr\/wp-json\/wp\/v2\/comments?post=10120"}],"version-history":[{"count":6,"href":"https:\/\/qrmodul.ch\/fr\/wp-json\/wp\/v2\/pages\/10120\/revisions"}],"predecessor-version":[{"id":10252,"href":"https:\/\/qrmodul.ch\/fr\/wp-json\/wp\/v2\/pages\/10120\/revisions\/10252"}],"wp:attachment":[{"href":"https:\/\/qrmodul.ch\/fr\/wp-json\/wp\/v2\/media?parent=10120"}],"curies":[{"name":"wp","href":"https:\/\/api.w.org\/{rel}","templated":true}]}}