{"id":1103,"date":"2020-04-19T20:18:21","date_gmt":"2020-04-19T20:18:21","guid":{"rendered":"https:\/\/qrmodul.ch\/impressum\/"},"modified":"2021-12-16T12:54:10","modified_gmt":"2021-12-16T12:54:10","slug":"mentions-legales","status":"publish","type":"page","link":"https:\/\/qrmodul.ch\/fr\/mentions-legales\/","title":{"rendered":"Mentions l\u00e9gales"},"content":{"rendered":"<h1>Mentions l\u00e9gales<\/h1>\n<p>&nbsp;<\/p>\n<p><strong>Adresse de contact<br \/>\n<\/strong><\/p>\n<p><strong>Schwarzenbach PME Services SA<\/strong><br \/>\nKirchgasse 26<br \/>\n8001 Zurich<br \/>\nSuisse<\/p>\n<p>Courrier \u00e9lectronique: info@qrmodul.ch<br \/>\nSite web: https:\/\/www.moduleqr.ch\/<\/p>\n<p>Registre du commerce: CHE-137.737.874<br \/>\nTVA: CHE-137.737.874 MWST<br \/>\nCompte d&rsquo;entreprise: Banque Cantonale de Zurich; IBAN: CH66 0070 0114 8042 1522 9<\/p>\n<p>&nbsp;<\/p>\n<p><b>Personnes autoris\u00e9es \u00e0 repr\u00e9senter la soci\u00e9t\u00e9<\/b><\/p>\n<p>Beni Schwarzenbach (Directeur g\u00e9n\u00e9ral et pr\u00e9sident du conseil d&rsquo;administration)<\/p>\n<p>&nbsp;<\/p>\n","protected":false},"excerpt":{"rendered":"<p>Mentions l\u00e9gales &nbsp; Adresse de contact Schwarzenbach PME Services SA Kirchgasse 26 8001 Zurich Suisse Courrier \u00e9lectronique: info@qrmodul.ch Site web: https:\/\/www.moduleqr.ch\/ Registre du commerce: CHE-137.737.874 TVA: CHE-137.737.874 MWST Compte d&rsquo;entreprise: Banque Cantonale de Zurich; IBAN: CH66 0070 0114 8042 1522 9 &nbsp; Personnes autoris\u00e9es \u00e0 repr\u00e9senter la soci\u00e9t\u00e9 Beni Schwarzenbach (Directeur g\u00e9n\u00e9ral et pr\u00e9sident du [&hellip;]<\/p>\n","protected":false},"author":1,"featured_media":0,"parent":0,"menu_order":0,"comment_status":"closed","ping_status":"open","template":"","meta":{"om_disable_all_campaigns":false,"_monsterinsights_skip_tracking":false,"_monsterinsights_sitenote_active":false,"_monsterinsights_sitenote_note":"","_monsterinsights_sitenote_category":0,"_uf_show_specific_survey":0,"_uf_disable_surveys":false,"footnotes":""},"class_list":["post-1103","page","type-page","status-publish","hentry"],"_links":{"self":[{"href":"https:\/\/qrmodul.ch\/fr\/wp-json\/wp\/v2\/pages\/1103","targetHints":{"allow":["GET"]}}],"collection":[{"href":"https:\/\/qrmodul.ch\/fr\/wp-json\/wp\/v2\/pages"}],"about":[{"href":"https:\/\/qrmodul.ch\/fr\/wp-json\/wp\/v2\/types\/page"}],"author":[{"embeddable":true,"href":"https:\/\/qrmodul.ch\/fr\/wp-json\/wp\/v2\/users\/1"}],"replies":[{"embeddable":true,"href":"https:\/\/qrmodul.ch\/fr\/wp-json\/wp\/v2\/comments?post=1103"}],"version-history":[{"count":7,"href":"https:\/\/qrmodul.ch\/fr\/wp-json\/wp\/v2\/pages\/1103\/revisions"}],"predecessor-version":[{"id":6655,"href":"https:\/\/qrmodul.ch\/fr\/wp-json\/wp\/v2\/pages\/1103\/revisions\/6655"}],"wp:attachment":[{"href":"https:\/\/qrmodul.ch\/fr\/wp-json\/wp\/v2\/media?parent=1103"}],"curies":[{"name":"wp","href":"https:\/\/api.w.org\/{rel}","templated":true}]}}