{"id":1123,"date":"2020-08-11T07:43:06","date_gmt":"2020-08-11T07:43:06","guid":{"rendered":"https:\/\/qrmodul.ch\/partner-und-vermittler\/"},"modified":"2021-11-22T15:51:07","modified_gmt":"2021-11-22T15:51:07","slug":"api-partenaire-et-programme-daffiliation","status":"publish","type":"page","link":"https:\/\/qrmodul.ch\/fr\/api-partenaire-et-programme-daffiliation\/","title":{"rendered":"API partenaire et programme d&rsquo;affiliation"},"content":{"rendered":"<div id='layer_slider_1'  class='avia-layerslider main_color avia-shadow  avia-builder-el-0  el_before_av_heading  avia-builder-el-first  container_wrap fullsize' style='  height: 251px;' ><\/div><div id='after_layer_slider_1'  class='main_color av_default_container_wrap container_wrap fullsize' style=' '  ><div class='container' ><div class='template-page content  av-content-full alpha units'><div class='post-entry post-entry-type-page post-entry-1123'><div class='entry-content-wrapper clearfix'>\n<div  style='padding-bottom:10px; ' class='av-special-heading av-special-heading-h1  blockquote modern-quote  avia-builder-el-1  el_after_av_layerslider  el_before_av_four_fifth  avia-builder-el-first  '><h1 class='av-special-heading-tag '  itemprop=\"headline\"  >Int\u00e9grez le Module QR dans votre site web via l\u2019API REST !<\/h1><div class='special-heading-border'><div class='special-heading-inner-border' ><\/div><\/div><\/div>\n<div class=\"flex_column av_four_fifth  flex_column_div av-zero-column-padding first  avia-builder-el-2  el_after_av_heading  el_before_av_one_fifth  \" style='border-radius:0px; '><section class=\"av_textblock_section \"  itemscope=\"itemscope\" itemtype=\"https:\/\/schema.org\/CreativeWork\" ><div class='avia_textblock  '   itemprop=\"text\" ><p>Vous souhaitez proposer &agrave; vos clients la cr&eacute;ation de Factures QR sur votre propre site web ? Aucun probl&egrave;me : Int&eacute;grez le g&eacute;n&eacute;rateur des sections de paiement via <strong>REST API<\/strong> dans votre frontend &#8211; <strong>dans votre propre design<\/strong>. Notre offre REST API dans un syst&egrave;me modulaire vous permet de compiler l&rsquo;offre de Factures QR en fonction de vos besoins individuels.<\/p>\n<p>Cela vous &eacute;vite de devoir d&eacute;velopper votre propre solution.<\/p>\n<\/div><\/section><\/div><div class=\"flex_column av_one_fifth  flex_column_div av-zero-column-padding   avia-builder-el-4  el_after_av_four_fifth  el_before_av_one_full  \" style='border-radius:0px; '><div  class='avia-image-container  av-styling-    avia-builder-el-5  avia-builder-el-no-sibling  avia-align-center '  itemprop=\"image\" itemscope=\"itemscope\" itemtype=\"https:\/\/schema.org\/ImageObject\"  ><div class='avia-image-container-inner'><div class='avia-image-overlay-wrap'><a href='https:\/\/www.swissmadesoftware.org\/' class='avia_image' target=\"_blank\" rel=\"noopener\"><img class='avia_image ' src='https:\/\/qrmodul.ch\/wp-content\/uploads\/2021\/09\/sh-logo-1v-300dpi-rgb.png' alt='' title='sh-logo-1v-300dpi-rgb'  itemprop=\"thumbnailUrl\"  \/><\/a><\/div><\/div><\/div><\/div><\/p>\n<div class=\"flex_column av_one_full  flex_column_div av-zero-column-padding first  avia-builder-el-6  el_after_av_one_fifth  avia-builder-el-last  column-top-margin\" style='border-radius:0px; '><p><div  class='avia-image-container  av-styling- av-hover-grow   avia-builder-el-7  el_before_av_image  avia-builder-el-first  avia-align-center '  itemprop=\"image\" itemscope=\"itemscope\" itemtype=\"https:\/\/schema.org\/ImageObject\"  ><div class='avia-image-container-inner'><div class='avia-image-overlay-wrap'><img class='avia_image' src='https:\/\/qrmodul.ch\/wp-content\/uploads\/2021\/11\/API-Zahlteilgenerator-Basis-fr.png' alt='' title='API Zahlteilgenerator Basis fr' height=\"911\" width=\"1402\"  itemprop=\"thumbnailUrl\"  \/><\/div><\/div><\/div><br \/>\n<div  class='avia-image-container  av-styling- av-hover-grow   avia-builder-el-8  el_after_av_image  el_before_av_image  avia-align-center '  itemprop=\"image\" itemscope=\"itemscope\" itemtype=\"https:\/\/schema.org\/ImageObject\"  ><div class='avia-image-container-inner'><div class='avia-image-overlay-wrap'><img class='avia_image' src='https:\/\/qrmodul.ch\/wp-content\/uploads\/2021\/11\/API-RegistrierungStammdaten_Rechnungsvorlagen-fr.png' alt='' title='API RegistrierungStammdaten_Rechnungsvorlagen fr' height=\"795\" width=\"1391\"  itemprop=\"thumbnailUrl\"  \/><\/div><\/div><\/div><br \/>\n<div  class='avia-image-container  av-styling- av-hover-grow   avia-builder-el-9  el_after_av_image  el_before_av_image  avia-align-center '  itemprop=\"image\" itemscope=\"itemscope\" itemtype=\"https:\/\/schema.org\/ImageObject\"  ><div class='avia-image-container-inner'><div class='avia-image-overlay-wrap'><img class='avia_image' src='https:\/\/qrmodul.ch\/wp-content\/uploads\/2021\/11\/API-Debitorenmanagement_Rechnungsserien-fr.png' alt='' title='API Debitorenmanagement_Rechnungsserien fr' height=\"795\" width=\"1389\"  itemprop=\"thumbnailUrl\"  \/><\/div><\/div><\/div><br \/>\n<div  class='avia-image-container  av-styling- av-hover-grow   avia-builder-el-10  el_after_av_image  el_before_av_hr  avia-align-center '  itemprop=\"image\" itemscope=\"itemscope\" itemtype=\"https:\/\/schema.org\/ImageObject\"  ><div class='avia-image-container-inner'><div class='avia-image-overlay-wrap'><img class='avia_image' src='https:\/\/qrmodul.ch\/wp-content\/uploads\/2021\/11\/API-Briefversand_Archivierung-fr.png' alt='' title='API Briefversand_Archivierung fr' height=\"795\" width=\"1387\"  itemprop=\"thumbnailUrl\"  \/><\/div><\/div><\/div><br \/>\n<div   class='hr hr-default   avia-builder-el-11  el_after_av_image  el_before_av_heading '><span class='hr-inner ' ><span class='hr-inner-style'><\/span><\/span><\/div><br \/>\n<div  style='padding-bottom:10px; ' class='av-special-heading av-special-heading-h2  blockquote modern-quote  avia-builder-el-12  el_after_av_hr  el_before_av_contact  '><h2 class='av-special-heading-tag '  itemprop=\"headline\"  >Nous aimerions en savoir plus<\/h2><div class='special-heading-border'><div class='special-heading-inner-border' ><\/div><\/div><\/div><br \/>\n<form action=\"https:\/\/qrmodul.ch\/fr\/api-partenaire-et-programme-daffiliation\/\" method=\"post\"  class=\"avia_ajax_form av-form-labels-visible   avia-builder-el-13  el_after_av_heading  avia-builder-el-last   \" data-avia-form-id=\"1\" data-avia-redirect='' ><h3 class=''>Formulaire de contact<\/h3><fieldset><p class='  first_form  form_element form_fullwidth' id='element_avia_1_1'><label for=\"avia_1_1\">Nom <abbr class=\"required\" title=\"requis\">*<\/abbr><\/label> <input name=\"avia_1_1\" class=\"text_input is_empty\" type=\"text\" id=\"avia_1_1\" value=\"\" \/><\/p><p class='  first_form  form_element form_fullwidth' id='element_avia_2_1'><label for=\"avia_2_1\">Soci\u00e9t\u00e9 <abbr class=\"required\" title=\"requis\">*<\/abbr><\/label> <input name=\"avia_2_1\" class=\"text_input is_empty\" type=\"text\" id=\"avia_2_1\" value=\"\" \/><\/p><p class='  first_form  form_element form_fullwidth' id='element_avia_3_1'><label for=\"avia_3_1\">Courrier \u00e9lectronique <abbr class=\"required\" title=\"requis\">*<\/abbr><\/label> <input name=\"avia_3_1\" class=\"text_input is_email\" type=\"text\" id=\"avia_3_1\" value=\"\" \/><\/p><p class='  first_form  form_element form_fullwidth' id='element_avia_4_1'><label for=\"avia_4_1\">Sujet <abbr class=\"required\" title=\"requis\">*<\/abbr><\/label> <input name=\"avia_4_1\" class=\"text_input is_empty\" type=\"text\" id=\"avia_4_1\" value=\"\" \/><\/p><p class='  first_form  form_element form_fullwidth' id='element_avia_5_1'><label for=\"avia_5_1\" class=\"textare_label hidden textare_label_avia_5_1\">Message <abbr class=\"required\" title=\"requis\">*<\/abbr><\/label><textarea  name=\"avia_5_1\" class=\"text_area is_empty\" cols=\"40\" rows=\"7\" id=\"avia_5_1\" ><\/textarea><\/p><p class=\"hidden\"><input type=\"text\" name=\"avia_6_1\" class=\"hidden \" id=\"avia_6_1\" value=\"\" \/><\/p><p class='   form_element form_fullwidth' id='element_avia_7_1'><span class='value_verifier_label'>6 + 2 = ?<\/span><input name=\"avia_7_1_verifier\" type=\"hidden\" id=\"avia_7_1_verifier\" value=\"772888455\"\/><label for=\"avia_7_1\">Pour prouver que vous \u00eates un humain, donnez le r\u00e9sultat de cette simple op\u00e9ration <abbr class=\"required\" title=\"requis\">*<\/abbr><\/label><input name=\"avia_7_1\" class=\"text_input captcha\" type=\"text\" id=\"avia_7_1\" value=\"\"\/><\/p><p class=\"form_element \"><input type=\"hidden\" value=\"1\" name=\"avia_generated_form1\" \/><input type=\"submit\" value=\"Envoyer\" class=\"button\"  data-sending-label=\"Envoi\"\/><\/p><\/fieldset><\/form><div id=\"ajaxresponse_1\" class=\"ajaxresponse ajaxresponse_1 hidden\"><\/div><\/p><\/div>\n","protected":false},"excerpt":{"rendered":"","protected":false},"author":2,"featured_media":0,"parent":0,"menu_order":0,"comment_status":"closed","ping_status":"closed","template":"","meta":{"om_disable_all_campaigns":false,"_monsterinsights_skip_tracking":false,"_monsterinsights_sitenote_active":false,"_monsterinsights_sitenote_note":"","_monsterinsights_sitenote_category":0,"_uf_show_specific_survey":0,"_uf_disable_surveys":false,"footnotes":""},"class_list":["post-1123","page","type-page","status-publish","hentry"],"_links":{"self":[{"href":"https:\/\/qrmodul.ch\/fr\/wp-json\/wp\/v2\/pages\/1123","targetHints":{"allow":["GET"]}}],"collection":[{"href":"https:\/\/qrmodul.ch\/fr\/wp-json\/wp\/v2\/pages"}],"about":[{"href":"https:\/\/qrmodul.ch\/fr\/wp-json\/wp\/v2\/types\/page"}],"author":[{"embeddable":true,"href":"https:\/\/qrmodul.ch\/fr\/wp-json\/wp\/v2\/users\/2"}],"replies":[{"embeddable":true,"href":"https:\/\/qrmodul.ch\/fr\/wp-json\/wp\/v2\/comments?post=1123"}],"version-history":[{"count":13,"href":"https:\/\/qrmodul.ch\/fr\/wp-json\/wp\/v2\/pages\/1123\/revisions"}],"predecessor-version":[{"id":1541,"href":"https:\/\/qrmodul.ch\/fr\/wp-json\/wp\/v2\/pages\/1123\/revisions\/1541"}],"wp:attachment":[{"href":"https:\/\/qrmodul.ch\/fr\/wp-json\/wp\/v2\/media?parent=1123"}],"curies":[{"name":"wp","href":"https:\/\/api.w.org\/{rel}","templated":true}]}}