{"id":3963,"date":"2021-06-02T17:32:52","date_gmt":"2021-06-02T17:32:52","guid":{"rendered":"https:\/\/qrmodul.ch\/?page_id=3963"},"modified":"2022-09-05T09:28:25","modified_gmt":"2022-09-05T09:28:25","slug":"step-by-step","status":"publish","type":"page","link":"https:\/\/qrmodul.ch\/fr\/step-by-step\/","title":{"rendered":"Regsitration &#8211; SBS"},"content":{"rendered":"<p><iframe id=\"app-iframe\" style=\"width: 100%; height: 1000px;\" src=\"http:\/\/generator.qrmodul.ch\/step-by-step\"><\/iframe><br \/>\n<span class=\"notice-block\">En raison de travaux de maintenance, le site web est temporairement inaccessible. Il sera probablement \u00e0 nouveau accessible \u00e0 partir du lundi 5 septembre 2022, 16h00. Nous vous remercions de votre compr\u00e9hension.<\/span><\/p>\n","protected":false},"excerpt":{"rendered":"<p>En raison de travaux de maintenance, le site web est temporairement inaccessible. Il sera probablement \u00e0 nouveau accessible \u00e0 partir du lundi 5 septembre 2022, 16h00. Nous vous remercions de votre compr\u00e9hension.<\/p>\n","protected":false},"author":1,"featured_media":0,"parent":0,"menu_order":0,"comment_status":"closed","ping_status":"closed","template":"","meta":{"om_disable_all_campaigns":false,"_monsterinsights_skip_tracking":false,"_monsterinsights_sitenote_active":false,"_monsterinsights_sitenote_note":"","_monsterinsights_sitenote_category":0,"_uf_show_specific_survey":0,"_uf_disable_surveys":false,"footnotes":""},"class_list":["post-3963","page","type-page","status-publish","hentry"],"_links":{"self":[{"href":"https:\/\/qrmodul.ch\/fr\/wp-json\/wp\/v2\/pages\/3963","targetHints":{"allow":["GET"]}}],"collection":[{"href":"https:\/\/qrmodul.ch\/fr\/wp-json\/wp\/v2\/pages"}],"about":[{"href":"https:\/\/qrmodul.ch\/fr\/wp-json\/wp\/v2\/types\/page"}],"author":[{"embeddable":true,"href":"https:\/\/qrmodul.ch\/fr\/wp-json\/wp\/v2\/users\/1"}],"replies":[{"embeddable":true,"href":"https:\/\/qrmodul.ch\/fr\/wp-json\/wp\/v2\/comments?post=3963"}],"version-history":[{"count":3,"href":"https:\/\/qrmodul.ch\/fr\/wp-json\/wp\/v2\/pages\/3963\/revisions"}],"predecessor-version":[{"id":8319,"href":"https:\/\/qrmodul.ch\/fr\/wp-json\/wp\/v2\/pages\/3963\/revisions\/8319"}],"wp:attachment":[{"href":"https:\/\/qrmodul.ch\/fr\/wp-json\/wp\/v2\/media?parent=3963"}],"curies":[{"name":"wp","href":"https:\/\/api.w.org\/{rel}","templated":true}]}}