{"id":4751,"date":"2021-09-17T13:02:24","date_gmt":"2021-09-17T13:02:24","guid":{"rendered":"https:\/\/qrmodul.ch\/?page_id=4751"},"modified":"2022-05-12T12:04:56","modified_gmt":"2022-05-12T12:04:56","slug":"offre-et-prix-2","status":"publish","type":"page","link":"https:\/\/qrmodul.ch\/fr\/offre-et-prix-2\/","title":{"rendered":"Facture QR pour les boutiques en ligne"},"content":{"rendered":"<div id='layer_slider_1'  class='avia-layerslider main_color avia-shadow  avia-builder-el-0  el_before_av_one_half  avia-builder-el-first  container_wrap fullsize' style='  height: 251px;' ><\/div><div id='after_layer_slider_1'  class='main_color av_default_container_wrap container_wrap fullsize' style=' '  ><div class='container' ><div class='template-page content  av-content-full alpha units'><div class='post-entry post-entry-type-page post-entry-4751'><div class='entry-content-wrapper clearfix'>\n<div class=\"flex_column av_one_half  flex_column_div av-zero-column-padding first  avia-builder-el-1  el_after_av_layerslider  el_before_av_one_half  avia-builder-el-first  \" style='border-radius:0px; '><p><div  style='padding-bottom:10px; ' class='av-special-heading av-special-heading-h2  blockquote modern-quote  avia-builder-el-2  el_before_av_textblock  avia-builder-el-first  '><h2 class='av-special-heading-tag '  itemprop=\"headline\"  >Facture QR pour les boutiques en ligne<\/h2><div class='special-heading-border'><div class='special-heading-inner-border' ><\/div><\/div><\/div><br \/>\n<section class=\"av_textblock_section \"  itemscope=\"itemscope\" itemtype=\"https:\/\/schema.org\/CreativeWork\" ><div class='avia_textblock  '   itemprop=\"text\" ><p>Avec le Module QR, vous permettez \u00e0 vos clients de la boutique en ligne de payer avec la Facture QR.<\/p>\n<p>Si votre site web est g\u00e9r\u00e9 avec WordPress, installez notre plugin. La vid\u00e9o ci-contre vous montre \u00e0 quel point c&rsquo;est simple.<\/p>\n<p>Si vous utilisez un autre CMS pour votre site web, nous connectons votre boutique en ligne au Module QR au moyen de l&rsquo;API REST. Contactez-nous (<a href=\"mailto:info@qrmodul.ch\">info@qrmodul.ch<\/a>) et nous conviendrons ensemble de la meilleure approche pour votre projet de facturation QR.<\/p>\n<h3>Voici les avantages que vous offre Module QR :<\/h3>\n<ul>\n<li>Cr\u00e9ez des sections de paiement QR ou des Factures QR compl\u00e8tes <b>100% correctes<\/b>.<\/li>\n<li>Choisissez l&rsquo;une des <b>5 langues <\/b>: Allemand, fran\u00e7ais, italien, anglais et &#8211; en exclusivit\u00e9 chez nous : Romanche.<\/li>\n<li>Utilisez votre profil chez Module QR pour <b>cr\u00e9er des Factures QR professionnelles <\/b>pour des commandes qui n&rsquo;ont <b>pas \u00e9t\u00e9 saisies dans la boutique en ligne<\/b>.<\/li>\n<li>Cr\u00e9ez votre <b>mod\u00e8le de facture <\/b>dans votre propre mise en page et avec vos propres \u00e9l\u00e9ments de texte.<\/li>\n<li>Profitez du <b>Swiss<\/b> <b>Hosting<\/b> avec stockage exclusif des donn\u00e9es sur des serveurs s\u00e9curis\u00e9s en Suisse.<\/li>\n<li>Vous trouverez \u00e0 tout moment toutes les factures envoy\u00e9es dans les <b>archives.<\/b><\/li>\n<\/ul>\n<\/div><\/section><\/p><\/div>\n<div class=\"flex_column av_one_half  flex_column_div av-zero-column-padding   avia-builder-el-4  el_after_av_one_half  el_before_av_textblock  \" style='border-radius:0px; '><p><div  style='padding-bottom:10px; ' class='av-special-heading av-special-heading-h2  blockquote modern-quote  avia-builder-el-5  el_before_av_textblock  avia-builder-el-first  '><h2 class='av-special-heading-tag '  itemprop=\"headline\"  >Plugin Module QR pour WordPress<\/h2><div class='special-heading-border'><div class='special-heading-inner-border' ><\/div><\/div><\/div><br \/>\n<section class=\"av_textblock_section \"  itemscope=\"itemscope\" itemtype=\"https:\/\/schema.org\/CreativeWork\" ><div class='avia_textblock  '   itemprop=\"text\" ><p>Avec le plugin WordPress de Module QR, vous pouvez cr\u00e9er des <b>sections de paiement QR <\/b>(= document de remplacement pour le bulletin de versement) ainsi que des <b>Factures QR compl\u00e8tes <\/b>dans votre design. Celles-ci sont jointes en pdf \u00e0 la confirmation de commande que WooCommerce envoie par courriel \u00e0 vos clients. De plus, nous vous offrons l&rsquo;option de faire envoyer les Factures QR par la poste par notre imprimerie partenaire.<\/p>\n<p>Vous trouverez ci-dessous les instructions d\u00e9taill\u00e9es pour l&rsquo;installation\/d\u00e9sinstallation ainsi que pour la mise en place du plugin. Vous pouvez g\u00e9n\u00e9rer vous-m\u00eame la <b>cl\u00e9 REST API <\/b>dans votre profil, apr\u00e8s vous \u00eatre enregistr\u00e9 pour le produit <a href=\"https:\/\/qrmodul.ch\/fr\/offre-et-prix-2\/\"><b>QR Plus ou QR <\/b><b>Profi<\/b><\/a>.<\/p>\n<\/div><\/section><br \/>\n<section class=\"av_textblock_section \"  itemscope=\"itemscope\" itemtype=\"https:\/\/schema.org\/CreativeWork\" ><div class='avia_textblock  '   itemprop=\"text\" ><div class='avia-iframe-wrap'><iframe loading=\"lazy\" title=\"Factures QR avec Module QR Tutoriel 7 : Boutiques en ligne (WordPress)\" width=\"1500\" height=\"844\" src=\"https:\/\/www.youtube.com\/embed\/76XHhotU3e4?feature=oembed\" frameborder=\"0\" allow=\"accelerometer; autoplay; clipboard-write; encrypted-media; gyroscope; picture-in-picture\" allowfullscreen><\/iframe><\/div>\n<\/div><\/section><br \/>\n<div  class='avia-button-wrap avia-button-center  avia-builder-el-8  el_after_av_textblock  avia-builder-el-last ' ><a href='https:\/\/wordpress.org\/plugins\/qr-invoice\/'  class='avia-button   avia-icon_select-yes-left-icon avia-color-theme-color avia-size-large avia-position-center '   ><span class='avia_button_icon avia_button_icon_left ' aria-hidden='true' data-av_icon='\ue82d' data-av_iconfont='entypo-fontello'><\/span><span class='avia_iconbox_title' >Vers le Plugin Store de WordPress<\/span><\/a><\/div><\/p><\/div><section class=\"av_textblock_section \"  itemscope=\"itemscope\" itemtype=\"https:\/\/schema.org\/CreativeWork\" ><div class='avia_textblock  '   itemprop=\"text\" ><h3><b>Co\u00fbts<\/b><\/h3>\n<ul>\n<li>Hormis les frais d&rsquo;abonnement mensuels pour les produits <a href=\"https:\/\/qrmodul.ch\/fr\/offre-et-prix-2\/\">QR Plus ou QR Profi<\/a>, il n&rsquo;y a pas d&rsquo;autres frais.<\/li>\n<li>Le plugin WordPress peut \u00eatre t\u00e9l\u00e9charg\u00e9 et utilis\u00e9 gratuitement.<\/li>\n<li>Les commandes d&rsquo;impression pour l&rsquo;envoi physique de lettres sont factur\u00e9es au temps pass\u00e9.<\/li>\n<\/ul>\n<\/div><\/section><\/p>\n<div   class='hr hr-full hr-no-shadow   avia-builder-el-10  el_after_av_textblock  el_before_av_one_full '><span class='hr-inner ' ><span class='hr-inner-style'><\/span><\/span><\/div>\n<div class=\"flex_column av_one_full  flex_column_div av-zero-column-padding first  avia-builder-el-11  el_after_av_hr  avia-builder-el-last  \" style='border-radius:0px; '><p><div  style='padding-bottom:10px; color:#134074;' class='av-special-heading av-special-heading-h2 custom-color-heading blockquote modern-quote  avia-builder-el-12  el_before_av_textblock  avia-builder-el-first  '><h2 class='av-special-heading-tag '  itemprop=\"headline\"  >Installation Instructions QR-bill Plugin for WordPress<\/h2><div class='special-heading-border'><div class='special-heading-inner-border' style='border-color:#134074'><\/div><\/div><\/div><br \/>\n<section class=\"av_textblock_section \"  itemscope=\"itemscope\" itemtype=\"https:\/\/schema.org\/CreativeWork\" ><div class='avia_textblock  '   itemprop=\"text\" ><h3>Installing the plugin<\/h3>\n<p>You can install the plugin either via <a href=\"https:\/\/wordpress.org\/plugins\/qr-invoice\/\" target=\"_blank\" rel=\"noopener\">WordPress.org<\/a> or directly in your WordPress backend.<\/p>\n<p>To install the plugin via your WordPress backend:<\/p>\n<ol>\n<li>Navigate to <strong>Plugins &gt; Add New<\/strong>.<\/li>\n<li>Enter <strong>QR Module<\/strong> in the search box at the top left.<\/li>\n<li>Click <strong>Install Now<\/strong>.<\/li>\n<li>Click <strong>Activate<\/strong>.<\/li>\n<\/ol>\n<p><a href=\"..\/wp-content\/uploads\/2021\/10\/QR-Rechnung-in-Wordpress-Installieren.png\"><img loading=\"lazy\" decoding=\"async\" class=\"alignnone size-large wp-image-5085\" src=\"..\/wp-content\/uploads\/2021\/10\/QR-Rechnung-in-Wordpress-Installieren-1030x523.png\" alt=\"\" width=\"1030\" height=\"523\" srcset=\"https:\/\/qrmodul.ch\/wp-content\/uploads\/2021\/10\/QR-Rechnung-in-Wordpress-Installieren-1030x523.png 1030w, https:\/\/qrmodul.ch\/wp-content\/uploads\/2021\/10\/QR-Rechnung-in-Wordpress-Installieren-300x152.png 300w, https:\/\/qrmodul.ch\/wp-content\/uploads\/2021\/10\/QR-Rechnung-in-Wordpress-Installieren-768x390.png 768w, https:\/\/qrmodul.ch\/wp-content\/uploads\/2021\/10\/QR-Rechnung-in-Wordpress-Installieren-1536x780.png 1536w, https:\/\/qrmodul.ch\/wp-content\/uploads\/2021\/10\/QR-Rechnung-in-Wordpress-Installieren-2048x1040.png 2048w, https:\/\/qrmodul.ch\/wp-content\/uploads\/2021\/10\/QR-Rechnung-in-Wordpress-Installieren-1500x762.png 1500w, https:\/\/qrmodul.ch\/wp-content\/uploads\/2021\/10\/QR-Rechnung-in-Wordpress-Installieren-705x358.png 705w\" sizes=\"auto, (max-width: 1030px) 100vw, 1030px\" \/><\/a><\/p>\n<h3>Setting up the plug-in<\/h3>\n<p>To set up the plugin:<\/p>\n<ol>\n<li>Navigate to <strong>Settings &gt; QR-bill Plugin<\/strong>.<\/li>\n<li>Fill in the fields:<\/li>\n<\/ol>\n<p><strong>Client ID and Client Secret<\/strong><\/p>\n<p>You can access this information in your profile under \u00abMy Profile &#8211; Settings\u00bb after you have registered for QR Plus or QR Pro.<\/p>\n<p><strong>Client Token Duration<\/strong><\/p>\n<p>Enter the default value 2592000<\/p>\n<p><strong>Profile ID\u00a0<\/strong><\/p>\n<p>Select your master data profile (address and IBAN or QR IBAN of the biller). If this field is left blank, the default profile is used by default. You can define or retrieve the profile ID yourself on the Master Data page.<\/p>\n<p><strong>Send Invoice<\/strong><\/p>\n<p>&#8211; If this option is deactivated, the QR-bill is sent to the payer as a pdf attachment to the order confirmation via email from WooCommerce.<br \/>\n&#8211; If this option is activated, the bills are sent by post. This chargeable option is billed via QR Module. To avoid costs, namely the process fee, these orders are collected and sent twice per week (on Mondays and Thursdays) in the form of a collective order to our partner printer, who ensures correct printing and dispatch. This means that the process fee is incurred no more than twice a week.<\/p>\n<p><strong>Letter Dispatch Priority<\/strong><\/p>\n<p>&#8211; The possible values are: &lsquo;Standard&rsquo; or &lsquo;Express&rsquo;.<br \/>\n&#8211; We send the print job to the printer on Mondays and Thursdays. With the &lsquo;Express&rsquo; setting, the subsequent job processing by the printer takes place within 24 hours (on weekdays); with &lsquo;Standard&rsquo; within 4 working days.<\/p>\n<p><strong>My Climate<\/strong><\/p>\n<p>With this option you can offset the CO2 emissions for the physical dispatch of letters with MyClimate.<\/p>\n<p><strong>Color<\/strong><\/p>\n<p>This option determines whether the bill is to be printed in colour or black and white. The allowed values are: &lsquo;colour&rsquo; or &lsquo;black and white&rsquo;.<\/p>\n<p><strong>Franking Envelopes<\/strong><\/p>\n<p>&#8211; Concerns the franking of the letters, provided that it is not only a QR payment part but a complete QR-bill (A or B Mail or no franking at all). A- or B-postage can be selected for direct mailing to the payer as well as for mailing to a collective address. In the latter case, the letters are already pre-franked so that you can forward them immediately. When sending QR-bills\/QR payment items by parcel post to a collective address, you can also dispense the pre-franking.<br \/>\n&#8211; The following values are permitted for complete QR-bills: &lsquo;A&rsquo;, &lsquo;B&rsquo; or &lsquo;none&rsquo;.<br \/>\n&#8211; If the generated file only contains the QR payment section, &lsquo;none&rsquo; is the only valid option.<\/p>\n<p><strong>Address<\/strong><\/p>\n<p>&#8211; Collective address to which the QR-bills\/QR payment parts are to be sent if you do not want to have them sent directly to the payers. In this case, you ensure the further use of the QR-bills\/QR-payments yourself.<br \/>\n&#8211; The address must not contain more than 4 lines with a maximum of 35 characters per line.<\/p>\n<p><strong>Postal address<\/strong><\/p>\n<p>Postal rate for sending the QRbills\/QR payment parts as a parcel to a collective address. The allowed values are: &lsquo;postpac_priority&rsquo; or &lsquo;swiss_express&rsquo;.<\/p>\n<p><strong>Remarks to Printshop<\/strong><\/p>\n<p>&#8211; This field offers the possibility to formulate a free comment to the printshop, e.g. \u00abUse envelope template\u00bb, if you want to use individual envelopes with your logo, which the printshop keeps in stock for you on request. The instruction \u00abDo not seal envelopes\u00bb is also popular if you want to insert enclosures yourself.<br \/>\n&#8211; The comment cannot exceed 2 lines with a maximum of 45 characters per line.<\/p>\n<p><strong>Type Invoice<\/strong><\/p>\n<p>&#8211; If this option is deactivated: By default, we generate complete QR-bills with product details and customer address at the top right. You design the invoice templates in your QR Module profile. If you use several templates, define which one you want to use in the field \u00abInvoice Template Name\u00bb.<br \/>\n&#8211; If this option is activated, only a QR payment part with Swiss QR Code is generated, without the upper part with the product details. QR payment parts cannot be sent directly to the payers because there is no address at the top right of the sheet. In this case, they are sent by parcel to the collective address you have defined.<\/p>\n<p><strong>Invoice Template Name<\/strong><\/p>\n<p>&#8211; If this field is left blank, the invoice template defined as the default template will be used by default.<br \/>\n&#8211; You can freely define or retrieve the invoice template name on the \u00abMy Profile &#8211; Invoice Templates\u00bb page.<\/p>\n<p><strong>Invoice Added Value Tax<\/strong><\/p>\n<p>Here you define whether VAT should be calculated on the basis of the amount (invoice amount is gross, i.e. including VAT) or on top of the amount (invoice amount is net, VAT must be added).<\/p>\n<p>After you have filled in all the fields, click on the <strong>\u00abC<\/strong><strong>onnection and authorisation<\/strong><strong>\u00bb<\/strong> button. After the page has reloaded, click on the <strong>\u00ab<\/strong><strong>Save changes<\/strong><strong>\u00bb<\/strong> button.<\/p>\n<p class=\"p7\"><span class=\"Apple-converted-space\"> <a href=\"..\/wp-content\/uploads\/2021\/10\/QR-Invoice-Setting-in-Wordpress.png\"><img loading=\"lazy\" decoding=\"async\" class=\"alignnone size-large wp-image-5089\" src=\"..\/wp-content\/uploads\/2021\/10\/QR-Invoice-Setting-in-Wordpress-945x1030.png\" alt=\"\" width=\"945\" height=\"1030\" srcset=\"https:\/\/qrmodul.ch\/wp-content\/uploads\/2021\/10\/QR-Invoice-Setting-in-Wordpress-945x1030.png 945w, https:\/\/qrmodul.ch\/wp-content\/uploads\/2021\/10\/QR-Invoice-Setting-in-Wordpress-275x300.png 275w, https:\/\/qrmodul.ch\/wp-content\/uploads\/2021\/10\/QR-Invoice-Setting-in-Wordpress-768x837.png 768w, https:\/\/qrmodul.ch\/wp-content\/uploads\/2021\/10\/QR-Invoice-Setting-in-Wordpress-647x705.png 647w, https:\/\/qrmodul.ch\/wp-content\/uploads\/2021\/10\/QR-Invoice-Setting-in-Wordpress.png 1330w\" sizes=\"auto, (max-width: 945px) 100vw, 945px\" \/><\/a><\/span><\/p>\n<h3>Uninstalling the plugin<\/h3>\n<p>To uninstall the plugin:<\/p>\n<ol>\n<li>Log into WordPress and go to <strong>Plugins<\/strong>.<\/li>\n<li>Under <strong>All Extensions<\/strong> you can see all installed plugins.<\/li>\n<li>Search for <strong>\u00ab<\/strong><strong>QR Invoice Plugin\u00bb<\/strong> and click on the corresponding Disable link.<\/li>\n<li>Click <strong>Delete<\/strong> to confirm and uninstall the plugin.<\/li>\n<\/ol>\n<\/div><\/section><\/p><\/div>\n","protected":false},"excerpt":{"rendered":"","protected":false},"author":2,"featured_media":0,"parent":0,"menu_order":0,"comment_status":"closed","ping_status":"closed","template":"","meta":{"om_disable_all_campaigns":false,"_monsterinsights_skip_tracking":false,"_monsterinsights_sitenote_active":false,"_monsterinsights_sitenote_note":"","_monsterinsights_sitenote_category":0,"_uf_show_specific_survey":0,"_uf_disable_surveys":false,"footnotes":""},"class_list":["post-4751","page","type-page","status-publish","hentry"],"_links":{"self":[{"href":"https:\/\/qrmodul.ch\/fr\/wp-json\/wp\/v2\/pages\/4751","targetHints":{"allow":["GET"]}}],"collection":[{"href":"https:\/\/qrmodul.ch\/fr\/wp-json\/wp\/v2\/pages"}],"about":[{"href":"https:\/\/qrmodul.ch\/fr\/wp-json\/wp\/v2\/types\/page"}],"author":[{"embeddable":true,"href":"https:\/\/qrmodul.ch\/fr\/wp-json\/wp\/v2\/users\/2"}],"replies":[{"embeddable":true,"href":"https:\/\/qrmodul.ch\/fr\/wp-json\/wp\/v2\/comments?post=4751"}],"version-history":[{"count":11,"href":"https:\/\/qrmodul.ch\/fr\/wp-json\/wp\/v2\/pages\/4751\/revisions"}],"predecessor-version":[{"id":7505,"href":"https:\/\/qrmodul.ch\/fr\/wp-json\/wp\/v2\/pages\/4751\/revisions\/7505"}],"wp:attachment":[{"href":"https:\/\/qrmodul.ch\/fr\/wp-json\/wp\/v2\/media?parent=4751"}],"curies":[{"name":"wp","href":"https:\/\/api.w.org\/{rel}","templated":true}]}}