{"id":7066,"date":"2022-03-25T14:53:12","date_gmt":"2022-03-25T14:53:12","guid":{"rendered":"https:\/\/qrmodul.ch\/?page_id=7066"},"modified":"2022-06-03T13:54:14","modified_gmt":"2022-06-03T13:54:14","slug":"offre-et-prix-popup","status":"publish","type":"page","link":"https:\/\/qrmodul.ch\/fr\/offre-et-prix-popup\/","title":{"rendered":"Offre et prix popup"},"content":{"rendered":"<div id='layer_slider_1'  class='avia-layerslider main_color avia-shadow  avia-builder-el-0  el_before_av_section  avia-builder-el-first  container_wrap fullsize' style='  height: 251px;' ><\/div>\n<div id='av_section_1'  class='avia-section main_color avia-section-default avia-no-border-styling  avia-bg-style-parallax  avia-builder-el-1  el_after_av_layerslider  el_before_av_section   container_wrap fullsize' style=' '  ><div class='container' ><div class='template-page content  av-content-full alpha units'><div class='post-entry post-entry-type-page post-entry-7066'><div class='entry-content-wrapper clearfix'>\n<section class=\"av_textblock_section \"  itemscope=\"itemscope\" itemtype=\"https:\/\/schema.org\/CreativeWork\" ><div class='avia_textblock  '   itemprop=\"text\" ><ul>\n<li>Produisez <strong>des Sections paiements QR et des Factures QR compl\u00e8tes \u00e0 100% conforme<\/strong> aux exigences de la proc\u00e9dure SIX Group AG \u2013 avec la solution la plus conviviale de Suisse !<\/li>\n<li>S\u00e9lectionnez une des <strong>5 langues<\/strong>: Allemand, fran\u00e7ais, italien, anglais et \u2013 exclusivement chez nous: romanche.<\/li>\n<li>B\u00e9n\u00e9ficiez d\u2019un logiciel<strong> 100% Swiss Made<\/strong> avec un stockage de donn\u00e9es exclusif sur des serveurs s\u00e9curis\u00e9s en Suisse.<\/li>\n<li>Annuler ou modifier votre abonnement \u00e0 tout moment <b>sans pr\u00e9avis.<\/b><\/li>\n<\/ul>\n<\/div><\/section>\n<div  class='avia-image-container  av-styling- av-hover-grow   avia-builder-el-3  el_after_av_textblock  avia-builder-el-last  avia-align-center '  itemprop=\"image\" itemscope=\"itemscope\" itemtype=\"https:\/\/schema.org\/ImageObject\"  ><div class='avia-image-container-inner'><div class='avia-image-overlay-wrap'><img class='avia_image' src='https:\/\/qrmodul.ch\/wp-content\/uploads\/2022\/06\/Kacheln-Funktionen-f-1.png' alt='' title='Kacheln Funktionen f' height=\"922\" width=\"1396\"  itemprop=\"thumbnailUrl\"  \/><\/div><\/div><\/div>\n<\/div><\/div><\/div><!-- close content main div --><\/div><\/div><div id='av_section_2'  class='avia-section main_color avia-section-small avia-no-border-styling  avia-bg-style-scroll  avia-builder-el-4  el_after_av_section  avia-builder-el-last   container_wrap fullsize' style=' margin-top:0px; margin-bottom:40px; '  ><div class='container' ><div class='template-page content  av-content-full alpha units'><div class='post-entry post-entry-type-page post-entry-7066'><div class='entry-content-wrapper clearfix'>\n<div class=\"flex_column av_one_full  flex_column_div av-zero-column-padding first  avia-builder-el-5  avia-builder-el-no-sibling  \" style='border-radius:0px; '><p><div  style='padding-bottom:10px; ' class='av-special-heading av-special-heading-h2  blockquote modern-quote  avia-builder-el-6  el_before_av_textblock  avia-builder-el-first  '><h2 class='av-special-heading-tag '  itemprop=\"headline\"  >Vous avez le choix<\/h2><div class='special-heading-border'><div class='special-heading-inner-border' ><\/div><\/div><\/div><br \/>\n<section class=\"av_textblock_section \"  itemscope=\"itemscope\" itemtype=\"https:\/\/schema.org\/CreativeWork\" ><div class='avia_textblock  '   itemprop=\"text\" ><p>Profitez de nos solutions d\u2019abonnement attrayantes ou cr\u00e9ez des QR-factures dans des tarifs individuels sans frais fixes.<\/p>\n<\/div><\/section><br \/>\n<br \/>\n<div  style='padding-bottom:10px; ' class='av-special-heading av-special-heading-h2  blockquote modern-quote  avia-builder-el-9  el_after_av_codeblock  el_before_av_textblock  '><h2 class='av-special-heading-tag '  itemprop=\"headline\"  >Envoi de lettres<\/h2><div class='special-heading-border'><div class='special-heading-inner-border' ><\/div><\/div><\/div><br \/>\n<section class=\"av_textblock_section \"  itemscope=\"itemscope\" itemtype=\"https:\/\/schema.org\/CreativeWork\" ><div class='avia_textblock  '   itemprop=\"text\" ><p>Profitez de nos solutions d\u2019abonnement attrayantes ou cr\u00e9ez des Factures QR en un seul tarif sans frais fixes.<\/p>\n<\/div><\/section><br \/>\n<\/p><\/div>\n<\/p>\n","protected":false},"excerpt":{"rendered":"","protected":false},"author":4,"featured_media":0,"parent":0,"menu_order":0,"comment_status":"closed","ping_status":"closed","template":"","meta":{"om_disable_all_campaigns":false,"_monsterinsights_skip_tracking":false,"_monsterinsights_sitenote_active":false,"_monsterinsights_sitenote_note":"","_monsterinsights_sitenote_category":0,"_uf_show_specific_survey":0,"_uf_disable_surveys":false,"footnotes":""},"class_list":["post-7066","page","type-page","status-publish","hentry"],"_links":{"self":[{"href":"https:\/\/qrmodul.ch\/fr\/wp-json\/wp\/v2\/pages\/7066","targetHints":{"allow":["GET"]}}],"collection":[{"href":"https:\/\/qrmodul.ch\/fr\/wp-json\/wp\/v2\/pages"}],"about":[{"href":"https:\/\/qrmodul.ch\/fr\/wp-json\/wp\/v2\/types\/page"}],"author":[{"embeddable":true,"href":"https:\/\/qrmodul.ch\/fr\/wp-json\/wp\/v2\/users\/4"}],"replies":[{"embeddable":true,"href":"https:\/\/qrmodul.ch\/fr\/wp-json\/wp\/v2\/comments?post=7066"}],"version-history":[{"count":10,"href":"https:\/\/qrmodul.ch\/fr\/wp-json\/wp\/v2\/pages\/7066\/revisions"}],"predecessor-version":[{"id":7614,"href":"https:\/\/qrmodul.ch\/fr\/wp-json\/wp\/v2\/pages\/7066\/revisions\/7614"}],"wp:attachment":[{"href":"https:\/\/qrmodul.ch\/fr\/wp-json\/wp\/v2\/media?parent=7066"}],"curies":[{"name":"wp","href":"https:\/\/api.w.org\/{rel}","templated":true}]}}