{"id":7524,"date":"2022-06-03T13:19:53","date_gmt":"2022-06-03T13:19:53","guid":{"rendered":"https:\/\/qrmodul.ch\/?page_id=7524"},"modified":"2022-09-23T07:51:36","modified_gmt":"2022-09-23T07:51:36","slug":"facture-qr-en-wir","status":"publish","type":"page","link":"https:\/\/qrmodul.ch\/fr\/wir\/","title":{"rendered":"Facture QR en WIR"},"content":{"rendered":"<div id='layer_slider_1'  class='avia-layerslider main_color avia-shadow  avia-builder-el-0  el_before_av_one_full  avia-builder-el-first  container_wrap fullsize' style='  height: 251px;' ><\/div><div id='after_layer_slider_1'  class='main_color av_default_container_wrap container_wrap fullsize' style=' '  ><div class='container' ><div class='template-page content  av-content-full alpha units'><div class='post-entry post-entry-type-page post-entry-7524'><div class='entry-content-wrapper clearfix'>\n<div class=\"flex_column av_one_full  flex_column_div av-zero-column-padding first  avia-builder-el-1  el_after_av_layerslider  el_before_av_heading  avia-builder-el-first  \" style='border-radius:0px; '><p><div  class='avia-image-container  av-styling-    avia-builder-el-2  el_before_av_textblock  avia-builder-el-first  avia-align-center '  itemprop=\"image\" itemscope=\"itemscope\" itemtype=\"https:\/\/schema.org\/ImageObject\"  ><div class='avia-image-container-inner'><div class='avia-image-overlay-wrap'><img class='avia_image' src='https:\/\/qrmodul.ch\/wp-content\/uploads\/2022\/06\/BanqueWIR_Logo.png' alt='' title='BanqueWIR_Logo' height=\"57\" width=\"157\"  itemprop=\"thumbnailUrl\"  \/><\/div><\/div><\/div><br \/>\n<section class=\"av_textblock_section \"  itemscope=\"itemscope\" itemtype=\"https:\/\/schema.org\/CreativeWork\" ><div class='avia_textblock  '   itemprop=\"text\" ><p style=\"text-align: center;\">Module QR est fier partenaire de la Banque WIR pour les Factures QR en WIR<\/p>\n<\/div><\/section><\/p><\/div>\n<div  style='padding-bottom:10px; ' class='av-special-heading av-special-heading-h1  blockquote modern-quote  avia-builder-el-4  el_after_av_one_full  el_before_av_one_fourth  '><h1 class='av-special-heading-tag '  itemprop=\"headline\"  >Les clients de la Banque WIR b\u00e9n\u00e9ficient d\u2019un rabais de 20%<br \/>\nsur les forfaits mensuels<\/h1><div class='special-heading-border'><div class='special-heading-inner-border' ><\/div><\/div><\/div>\n<div class=\"flex_column av_one_fourth  flex_column_div av-zero-column-padding first  avia-builder-el-5  el_after_av_heading  el_before_av_three_fourth  \" style='border-radius:0px; '><p><div  style='height:20px' class='hr hr-invisible   avia-builder-el-6  el_before_av_image  avia-builder-el-first '><span class='hr-inner ' ><span class='hr-inner-style'><\/span><\/span><\/div><br \/>\n<div  class='avia-image-container avia_animated_image avia_animate_when_almost_visible av-rotateIn av-styling-    avia-builder-el-7  el_after_av_hr  avia-builder-el-last  avia-align-center '  itemprop=\"image\" itemscope=\"itemscope\" itemtype=\"https:\/\/schema.org\/ImageObject\"  ><div class='avia-image-container-inner'><div class='avia-image-overlay-wrap'><a href='https:\/\/qrmodul.ch\/qr-rechnung\/webinare\/wir' class='avia_image'  ><img class='avia_image ' src='https:\/\/qrmodul.ch\/wp-content\/uploads\/2022\/09\/10.10.22-Button-Webinar-WIR-fr.png' alt='' title='10.10.22 Button Webinar WIR fr'  itemprop=\"thumbnailUrl\"  \/><\/a><\/div><\/div><\/div><\/p><\/div><div class=\"flex_column av_three_fourth  flex_column_div av-zero-column-padding   avia-builder-el-8  el_after_av_one_fourth  el_before_av_hr  \" style='border-radius:0px; '><p><div  style='height:20px' class='hr hr-invisible   avia-builder-el-9  el_before_av_textblock  avia-builder-el-first '><span class='hr-inner ' ><span class='hr-inner-style'><\/span><\/span><\/div><br \/>\n<section class=\"av_textblock_section \"  itemscope=\"itemscope\" itemtype=\"https:\/\/schema.org\/CreativeWork\" ><div class='avia_textblock  '   itemprop=\"text\" ><p>En tant que client(e)s de la Banque WIR, vous disposez des m\u00eames fonctions que les autres utilisateurs et utilisatrices de Module QR. Les illustrations ci-dessous pr\u00e9sentent les fonctionnalit\u00e9s principales. D\u00e8s que vous avez enregistr\u00e9 votre IBAN de la Banque WIR, vous acc\u00e9dez en outre aux fonctions sp\u00e9cifiques WIR:<\/p>\n<ul>\n<li>R\u00e9partissez librement le montant de la facture entre <strong>francs suisses (CHF) et WIR (CHW)<\/strong>.<\/li>\n<li>D\u00e9finissez jusqu&rsquo;\u00e0 15 produits par client. Pour chaque produit, vous d\u00e9terminez <strong>individuellement le pourcentage en WIR<\/strong>.<\/li>\n<li>Si vous partagez une facture entre les deux monnaies, <strong>2 sections paiement QR sont cr\u00e9\u00e9es &#8211; une en CHF et une en CHW<\/strong>. Notre imprimerie partenaire, Schneider Druck AG \u00e0 Zurich, se fera un plaisir de les imprimer pour vous sur du papier correctement perfor\u00e9.<\/li>\n<\/ul>\n<\/div><\/section><\/p><\/div><\/p>\n<div  style='height:30px' class='hr hr-invisible   avia-builder-el-11  el_after_av_three_fourth  el_before_av_one_full '><span class='hr-inner ' ><span class='hr-inner-style'><\/span><\/span><\/div>\n<div class=\"flex_column av_one_full  flex_column_div av-zero-column-padding first  avia-builder-el-12  el_after_av_hr  el_before_av_one_full  \" style='border-radius:0px; '><p><div  style='padding-bottom:10px; ' class='av-special-heading av-special-heading-h2  blockquote modern-quote  avia-builder-el-13  el_before_av_hr  avia-builder-el-first  '><h2 class='av-special-heading-tag '  itemprop=\"headline\"  >Aper\u00e7u des fonctions du Module QR<\/h2><div class='special-heading-border'><div class='special-heading-inner-border' ><\/div><\/div><\/div><br \/>\n<div  style='height:30px' class='hr hr-invisible   avia-builder-el-14  el_after_av_heading  el_before_av_image '><span class='hr-inner ' ><span class='hr-inner-style'><\/span><\/span><\/div><br \/>\n<div  class='avia-image-container  av-styling- av-hover-grow   avia-builder-el-15  el_after_av_hr  el_before_av_heading  avia-align-center '  itemprop=\"image\" itemscope=\"itemscope\" itemtype=\"https:\/\/schema.org\/ImageObject\"  ><div class='avia-image-container-inner'><div class='avia-image-overlay-wrap'><img class='avia_image' src='https:\/\/qrmodul.ch\/wp-content\/uploads\/2022\/06\/Kacheln-Funktionen-f-1.png' alt='' title='Kacheln Funktionen f' height=\"922\" width=\"1396\"  itemprop=\"thumbnailUrl\"  \/><\/div><\/div><\/div><br \/>\n<div  style='padding-bottom:10px; ' class='av-special-heading av-special-heading-h2  blockquote modern-quote  avia-builder-el-16  el_after_av_image  el_before_av_hr  '><h2 class='av-special-heading-tag '  itemprop=\"headline\"  >Remarques importantes<\/h2><div class='special-heading-border'><div class='special-heading-inner-border' ><\/div><\/div><\/div><br \/>\n<div  style='height:20px' class='hr hr-invisible   avia-builder-el-17  el_after_av_heading  el_before_av_textblock '><span class='hr-inner ' ><span class='hr-inner-style'><\/span><\/span><\/div><br \/>\n<section class=\"av_textblock_section \"  itemscope=\"itemscope\" itemtype=\"https:\/\/schema.org\/CreativeWork\" ><div class='avia_textblock  '   itemprop=\"text\" ><ul>\n<li>Pour nos abonnements QR Start, QR Plus et QR Professionnel, vous b\u00e9n\u00e9ficiez, en tant que client de la Banque WIR, d&rsquo;un <a href=\"https:\/\/qrmodul.ch\/fr\/offre-et-prix\/\" target=\"_blank\" rel=\"noopener\"><strong>rabais illimit\u00e9 de 20% sur les forfaits mensuels<\/strong><\/a>.<\/li>\n<li>Le forfait mensuel peut en plus \u00eatre pay\u00e9 avec une part de <strong>50% de WIR<\/strong>.<\/li>\n<li><strong>Votre IBAN de la Banque WIR est la cl\u00e9 au rabais et donne l&rsquo;acc\u00e8s aux fonctions sp\u00e9cifiques WIR<\/strong>. Assurez-vous de saisir votre IBAN de la Banque WIR lors de l&rsquo;enregistrement. Apr\u00e8s l&rsquo;enregistrement, vous pouvez cr\u00e9er des profils de donn\u00e9es de base suppl\u00e9mentaires dans lesquels vous pouvez \u00e9galement utiliser des IBAN d&rsquo;autres banques.<\/li>\n<li>Les sections de paiement QR <strong>en CHF<\/strong> peuvent \u00eatre trait\u00e9es sans probl\u00e8me <strong>au guichet postal<\/strong> et <strong>par toutes les autres voies habituelles<\/strong>.<\/li>\n<li>Les sections de paiement QR <strong>en CHW<\/strong> ne peuvent \u00eatre trait\u00e9es.<strong> que par la Banque WIR<\/strong>.<\/li>\n<li>Vous trouverez de plus amples informations dans notre <a href=\"https:\/\/qrmodul.ch\/fr\/infotheque\/\" target=\"_blank\" rel=\"noopener\"><strong>infoth\u00e8que<\/strong><\/a>, par exemple dans la FAQ. Si vous n&rsquo;y trouvez pas ce que vous cherchez, n&rsquo;h\u00e9sitez pas \u00e0 nous contacter via info@qrmodul.ch.<\/li>\n<\/ul>\n<\/div><\/section><br \/>\n<div  style='padding-bottom:10px; ' class='av-special-heading av-special-heading-h2  blockquote modern-quote  avia-builder-el-19  el_after_av_textblock  el_before_av_table  '><h2 class='av-special-heading-tag '  itemprop=\"headline\"  >Prix du Module QR pour les clients de la Banque WIR<\/h2><div class='special-heading-border'><div class='special-heading-inner-border' ><\/div><\/div><\/div><br \/>\n<div  class='avia-table main_color avia-pricing-table-container avia_show_empty_cells avia_pricing_default   avia-builder-el-20  el_after_av_heading  avia-builder-el-last  avia-table-1'  itemscope=\"itemscope\" itemtype=\"https:\/\/schema.org\/Table\" ><div class='pricing-table-wrap'><ul class='pricing-table avia-highlight-col'><li class='avia-heading-row empty-table-cell'><div class='first-table-item'><span class='fallback-table-val'>QR Start<\/span><\/div><span class='pricing-extra'><\/span><\/li><li class=''>Prix standard<\/li><li class=''>Prix pour les clients de la Banque WIR<\/li><li class=''>Prix promotionnel pour les clients de la Banque WIR jusqu&rsquo;\u00e0 fin ao\u00fbt 2022<\/li><\/ul><\/div><div class='pricing-table-wrap'><ul class='pricing-table '><li class='avia-heading-row'><div class='first-table-item'>QR Start<\/div><span class='pricing-extra'><\/span><\/li><li class=''>CHF 9 \/ mois<\/li><li class=''>CHF 7.20 \/ mois<\/li><li class=''>CHF 0 \/ mois<\/li><\/ul><\/div><div class='pricing-table-wrap'><ul class='pricing-table '><li class='avia-heading-row'><div class='first-table-item'>QR Plus<\/div><span class='pricing-extra'><\/span><\/li><li class=''>CHF 20 \/ mois<\/li><li class=''>CHF 16 \/ mois<\/li><li class=''>CHF 8 \/ mois<\/li><\/ul><\/div><div class='pricing-table-wrap'><ul class='pricing-table '><li class='avia-heading-row'><div class='first-table-item'>QR Professionel<\/div><span class='pricing-extra'><\/span><\/li><li class=''>CHF 50 \/ mois<\/li><li class=''>CHF 40 \/ mois<\/li><li class=''>CHF 20 \/ mois<\/li><\/ul><\/div><\/div><\/p><\/div>\n<div class=\"flex_column av_one_full  flex_column_div av-zero-column-padding first  avia-builder-el-21  el_after_av_one_full  el_before_av_hr  column-top-margin\" style='border-radius:0px; '><p><section class=\"av_textblock_section \"  itemscope=\"itemscope\" itemtype=\"https:\/\/schema.org\/CreativeWork\" ><div class='avia_textblock  '   itemprop=\"text\" ><p>Vous trouverez les prestations d\u00e9taill\u00e9es des diff\u00e9rents abonnements sous <a href=\"https:\/\/qrmodul.ch\/fr\/offre-et-prix\/\">Offre &amp; prix<\/a>.<\/p>\n<\/div><\/section><br \/>\n<div  class='avia-button-wrap avia-button-center  avia-builder-el-23  el_after_av_textblock  avia-builder-el-last ' ><a href='https:\/\/qrmodul.ch\/fr\/step-by-step\/' class='avia-button avia-button-fullwidth   avia-icon_select-no avia-color-custom '  target=\"_blank\"  style='color:#ffffff; background-color:#11b2f7;  ' ><span class='avia_iconbox_title' >Inscrivez-vous maintenant<\/span><span class='avia_button_background avia-button avia-button-fullwidth avia-color-theme-color-highlight' ><\/span><\/a><\/div><\/p><\/div>\n<div   class='hr hr-default   avia-builder-el-24  el_after_av_one_full  el_before_av_one_half '><span class='hr-inner ' ><span class='hr-inner-style'><\/span><\/span><\/div>\n<div class=\"flex_column av_one_half  flex_column_div av-zero-column-padding first  avia-builder-el-25  el_after_av_hr  el_before_av_one_half  \" style='border-radius:0px; '><p><div  style='padding-bottom:10px; ' class='av-special-heading av-special-heading-h2  blockquote modern-quote  avia-builder-el-26  el_before_av_hr  avia-builder-el-first  '><h2 class='av-special-heading-tag '  itemprop=\"headline\"  >Tutoriel : Factures QR en francs suisses (CHF) et WIR (CHW)<\/h2><div class='special-heading-border'><div class='special-heading-inner-border' ><\/div><\/div><\/div><br \/>\n<div  style='height:20px' class='hr hr-invisible   avia-builder-el-27  el_after_av_heading  el_before_av_textblock '><span class='hr-inner ' ><span class='hr-inner-style'><\/span><\/span><\/div><br \/>\n<section class=\"av_textblock_section \"  itemscope=\"itemscope\" itemtype=\"https:\/\/schema.org\/CreativeWork\" ><div class='avia_textblock  '   itemprop=\"text\" ><div class='avia-iframe-wrap'><iframe loading=\"lazy\" title=\"QR Modul Tutorial Nr. 7: QR Rechnungen in WIR (DE\/sous-titres fran\u00e7ais\/Sottotitoli italiani)\" width=\"1500\" height=\"844\" src=\"https:\/\/www.youtube.com\/embed\/dQj3C5RG0cU?feature=oembed\" frameborder=\"0\" allow=\"accelerometer; autoplay; clipboard-write; encrypted-media; gyroscope; picture-in-picture\" allowfullscreen><\/iframe><\/div>\n<\/div><\/section><br \/>\n<section class=\"av_textblock_section \"  itemscope=\"itemscope\" itemtype=\"https:\/\/schema.org\/CreativeWork\" ><div class='avia_textblock  '   itemprop=\"text\" ><p>Tutoriel en allemand avec sous-titres fran\u00e7ais et italiens<\/p>\n<\/div><\/section><\/p><\/div>\n<div class=\"flex_column av_one_half  flex_column_div av-zero-column-padding   avia-builder-el-30  el_after_av_one_half  avia-builder-el-last  \" style='border-radius:0px; '><p><div  style='padding-bottom:10px; ' class='av-special-heading av-special-heading-h2  blockquote modern-quote  avia-builder-el-31  el_before_av_hr  avia-builder-el-first  '><h2 class='av-special-heading-tag '  itemprop=\"headline\"  >Tutoriel : Factures QR en s\u00e9rie en francs suisses (CHF) et WIR (CHW)<\/h2><div class='special-heading-border'><div class='special-heading-inner-border' ><\/div><\/div><\/div><br \/>\n<div  style='height:20px' class='hr hr-invisible   avia-builder-el-32  el_after_av_heading  el_before_av_textblock '><span class='hr-inner ' ><span class='hr-inner-style'><\/span><\/span><\/div><br \/>\n<section class=\"av_textblock_section \"  itemscope=\"itemscope\" itemtype=\"https:\/\/schema.org\/CreativeWork\" ><div class='avia_textblock  '   itemprop=\"text\" ><div class='avia-iframe-wrap'><iframe loading=\"lazy\" title=\"QR Modul Tutorial Nr. 8: QR Rechnungsserien in WIR (DE\/sous-titres fran\u00e7ais\/Sottotitoli italiani)\" width=\"1500\" height=\"844\" src=\"https:\/\/www.youtube.com\/embed\/xzG1ie3yBUs?feature=oembed\" frameborder=\"0\" allow=\"accelerometer; autoplay; clipboard-write; encrypted-media; gyroscope; picture-in-picture\" allowfullscreen><\/iframe><\/div>\n<\/div><\/section><br \/>\n<section class=\"av_textblock_section \"  itemscope=\"itemscope\" itemtype=\"https:\/\/schema.org\/CreativeWork\" ><div class='avia_textblock  '   itemprop=\"text\" ><p>Tutoriel en allemand avec sous-titres fran\u00e7ais et italiens<\/p>\n<\/div><\/section><\/p><\/div>\n","protected":false},"excerpt":{"rendered":"","protected":false},"author":4,"featured_media":0,"parent":0,"menu_order":0,"comment_status":"closed","ping_status":"closed","template":"","meta":{"om_disable_all_campaigns":false,"_monsterinsights_skip_tracking":false,"_monsterinsights_sitenote_active":false,"_monsterinsights_sitenote_note":"","_monsterinsights_sitenote_category":0,"_uf_show_specific_survey":0,"_uf_disable_surveys":false,"footnotes":""},"class_list":["post-7524","page","type-page","status-publish","hentry"],"_links":{"self":[{"href":"https:\/\/qrmodul.ch\/fr\/wp-json\/wp\/v2\/pages\/7524","targetHints":{"allow":["GET"]}}],"collection":[{"href":"https:\/\/qrmodul.ch\/fr\/wp-json\/wp\/v2\/pages"}],"about":[{"href":"https:\/\/qrmodul.ch\/fr\/wp-json\/wp\/v2\/types\/page"}],"author":[{"embeddable":true,"href":"https:\/\/qrmodul.ch\/fr\/wp-json\/wp\/v2\/users\/4"}],"replies":[{"embeddable":true,"href":"https:\/\/qrmodul.ch\/fr\/wp-json\/wp\/v2\/comments?post=7524"}],"version-history":[{"count":20,"href":"https:\/\/qrmodul.ch\/fr\/wp-json\/wp\/v2\/pages\/7524\/revisions"}],"predecessor-version":[{"id":8445,"href":"https:\/\/qrmodul.ch\/fr\/wp-json\/wp\/v2\/pages\/7524\/revisions\/8445"}],"wp:attachment":[{"href":"https:\/\/qrmodul.ch\/fr\/wp-json\/wp\/v2\/media?parent=7524"}],"curies":[{"name":"wp","href":"https:\/\/api.w.org\/{rel}","templated":true}]}}