{"id":1115,"date":"2020-06-17T13:20:13","date_gmt":"2020-06-17T13:20:13","guid":{"rendered":"https:\/\/qrmodul.ch\/login\/"},"modified":"2022-09-05T09:27:07","modified_gmt":"2022-09-05T09:27:07","slug":"login","status":"publish","type":"page","link":"https:\/\/qrmodul.ch\/it\/login\/","title":{"rendered":"Login"},"content":{"rendered":"<p><iframe id=\"app-iframe\" style=\"width: 100%; height: 1000px;\" src=\"https:\/\/generator.qrmodul.ch\/login\"><\/iframe><br \/>\n<span class=\"notice-block\">A causa di lavori di manutenzione, il sito web \u00e8 temporaneamente non disponibile. Si prevede che sar\u00e0 nuovamente disponibile a partire da luned\u00ec 5 settembre 2022, alle ore 16:00. Grazie per la vostra comprensione.<\/span><\/p>\n","protected":false},"excerpt":{"rendered":"<p>A causa di lavori di manutenzione, il sito web \u00e8 temporaneamente non disponibile. Si prevede che sar\u00e0 nuovamente disponibile a partire da luned\u00ec 5 settembre 2022, alle ore 16:00. Grazie per la vostra comprensione.<\/p>\n","protected":false},"author":1,"featured_media":0,"parent":0,"menu_order":0,"comment_status":"closed","ping_status":"closed","template":"","meta":{"om_disable_all_campaigns":false,"_monsterinsights_skip_tracking":false,"_monsterinsights_sitenote_active":false,"_monsterinsights_sitenote_note":"","_monsterinsights_sitenote_category":0,"_uf_show_specific_survey":0,"_uf_disable_surveys":false,"footnotes":""},"class_list":["post-1115","page","type-page","status-publish","hentry"],"_links":{"self":[{"href":"https:\/\/qrmodul.ch\/it\/wp-json\/wp\/v2\/pages\/1115","targetHints":{"allow":["GET"]}}],"collection":[{"href":"https:\/\/qrmodul.ch\/it\/wp-json\/wp\/v2\/pages"}],"about":[{"href":"https:\/\/qrmodul.ch\/it\/wp-json\/wp\/v2\/types\/page"}],"author":[{"embeddable":true,"href":"https:\/\/qrmodul.ch\/it\/wp-json\/wp\/v2\/users\/1"}],"replies":[{"embeddable":true,"href":"https:\/\/qrmodul.ch\/it\/wp-json\/wp\/v2\/comments?post=1115"}],"version-history":[{"count":7,"href":"https:\/\/qrmodul.ch\/it\/wp-json\/wp\/v2\/pages\/1115\/revisions"}],"predecessor-version":[{"id":3946,"href":"https:\/\/qrmodul.ch\/it\/wp-json\/wp\/v2\/pages\/1115\/revisions\/3946"}],"wp:attachment":[{"href":"https:\/\/qrmodul.ch\/it\/wp-json\/wp\/v2\/media?parent=1115"}],"curies":[{"name":"wp","href":"https:\/\/api.w.org\/{rel}","templated":true}]}}